{"id":2400,"date":"2019-11-06T20:37:59","date_gmt":"2019-11-06T20:37:59","guid":{"rendered":"https:\/\/www.municipiopujili.gob.ec\/pujili\/?page_id=2400"},"modified":"2019-11-11T20:12:26","modified_gmt":"2019-11-11T20:12:26","slug":"parroquia-la-victoria","status":"publish","type":"page","link":"https:\/\/www.municipiopujili.gob.ec\/pujili\/parroquia-la-victoria\/","title":{"rendered":"PARROQUIA LA VICTORIA"},"content":{"rendered":"\t\t<div data-elementor-type=\"wp-page\" data-elementor-id=\"2400\" class=\"elementor elementor-2400\" data-elementor-settings=\"[]\">\n\t\t\t<div class=\"elementor-inner\">\n\t\t\t\t<div class=\"elementor-section-wrap\">\n\t\t\t\t\t\t\t<section class=\"elementor-element elementor-element-1c7cbc4 elementor-section-boxed elementor-section-height-default elementor-section-height-default elementor-section elementor-top-section\" data-id=\"1c7cbc4\" data-element_type=\"section\">\n\t\t\t\t\t\t<div class=\"elementor-container elementor-column-gap-default\">\n\t\t\t\t<div class=\"elementor-row\">\n\t\t\t\t<div class=\"elementor-element elementor-element-93b2bc5 elementor-column elementor-col-100 elementor-top-column\" data-id=\"93b2bc5\" data-element_type=\"column\">\n\t\t\t<div class=\"elementor-column-wrap  elementor-element-populated\">\n\t\t\t\t\t<div class=\"elementor-widget-wrap\">\n\t\t\t\t<div class=\"elementor-element elementor-element-f0a3c0f elementor-tabs-view-horizontal elementor-widget elementor-widget-tabs\" data-id=\"f0a3c0f\" data-element_type=\"widget\" data-widget_type=\"tabs.default\">\n\t\t\t\t<div class=\"elementor-widget-container\">\n\t\t\t\t\t<div class=\"elementor-tabs\" role=\"tablist\">\n\t\t\t<div class=\"elementor-tabs-wrapper\">\n\t\t\t\t\t\t\t\t\t<div id=\"elementor-tab-title-2521\" class=\"elementor-tab-title elementor-tab-desktop-title\" data-tab=\"1\" role=\"tab\" aria-controls=\"elementor-tab-content-2521\"><a href=\"\">La Victoria<\/a><\/div>\n\t\t\t\t\t\t\t\t\t<div id=\"elementor-tab-title-2522\" class=\"elementor-tab-title elementor-tab-desktop-title\" data-tab=\"2\" role=\"tab\" aria-controls=\"elementor-tab-content-2522\"><a href=\"\">Zumbahua<\/a><\/div>\n\t\t\t\t\t\t\t\t\t<div id=\"elementor-tab-title-2523\" class=\"elementor-tab-title elementor-tab-desktop-title\" data-tab=\"3\" role=\"tab\" aria-controls=\"elementor-tab-content-2523\"><a href=\"\">Pujili<\/a><\/div>\n\t\t\t\t\t\t\t\t\t<div id=\"elementor-tab-title-2524\" class=\"elementor-tab-title elementor-tab-desktop-title\" data-tab=\"4\" role=\"tab\" aria-controls=\"elementor-tab-content-2524\"><a href=\"\">Angamarca<\/a><\/div>\n\t\t\t\t\t\t\t\t\t<div id=\"elementor-tab-title-2525\" class=\"elementor-tab-title elementor-tab-desktop-title\" data-tab=\"5\" role=\"tab\" aria-controls=\"elementor-tab-content-2525\"><a href=\"\">Pilal\u00f3<\/a><\/div>\n\t\t\t\t\t\t\t\t\t<div id=\"elementor-tab-title-2526\" class=\"elementor-tab-title elementor-tab-desktop-title\" data-tab=\"6\" role=\"tab\" aria-controls=\"elementor-tab-content-2526\"><a href=\"\">Guangaje<\/a><\/div>\n\t\t\t\t\t\t\t\t\t<div id=\"elementor-tab-title-2527\" class=\"elementor-tab-title elementor-tab-desktop-title\" data-tab=\"7\" role=\"tab\" aria-controls=\"elementor-tab-content-2527\"><a href=\"\">El Tingo la Esperanza<\/a><\/div>\n\t\t\t\t\t\t\t<\/div>\n\t\t\t<div class=\"elementor-tabs-content-wrapper\">\n\t\t\t\t\t\t\t\t\t<div class=\"elementor-tab-title elementor-tab-mobile-title\" data-tab=\"1\" role=\"tab\">La Victoria<\/div>\n\t\t\t\t\t<div id=\"elementor-tab-content-2521\" class=\"elementor-tab-content elementor-clearfix\" data-tab=\"1\" role=\"tabpanel\" aria-labelledby=\"elementor-tab-title-2521\"><p><a href=\"https:\/\/www.municipiopujili.gob.ec\/pujili\/parroquia-la-victoria\/\"><img loading=\"lazy\" class=\"alignnone size-medium wp-image-2247\" src=\"https:\/\/www.municipiopujili.gob.ec\/pujili\/wp-content\/uploads\/2019\/10\/La-Victoria-1-300x149.jpg\" alt=\"\" width=\"300\" height=\"149\" \/><\/a><\/p><\/div>\n\t\t\t\t\t\t\t\t\t<div class=\"elementor-tab-title elementor-tab-mobile-title\" data-tab=\"2\" role=\"tab\">Zumbahua<\/div>\n\t\t\t\t\t<div id=\"elementor-tab-content-2522\" class=\"elementor-tab-content elementor-clearfix\" data-tab=\"2\" role=\"tabpanel\" aria-labelledby=\"elementor-tab-title-2522\"><p><a href=\"https:\/\/www.municipiopujili.gob.ec\/pujili\/parroquia-zumbahua\/\"><img loading=\"lazy\" class=\"alignnone size-medium wp-image-2252\" src=\"https:\/\/www.municipiopujili.gob.ec\/pujili\/wp-content\/uploads\/2019\/10\/Zumbahua-1-300x150.jpg\" alt=\"\" width=\"300\" height=\"150\" \/><\/a><\/p><\/div>\n\t\t\t\t\t\t\t\t\t<div class=\"elementor-tab-title elementor-tab-mobile-title\" data-tab=\"3\" role=\"tab\">Pujili<\/div>\n\t\t\t\t\t<div id=\"elementor-tab-content-2523\" class=\"elementor-tab-content elementor-clearfix\" data-tab=\"3\" role=\"tabpanel\" aria-labelledby=\"elementor-tab-title-2523\"><p><a href=\"https:\/\/www.municipiopujili.gob.ec\/pujili\/parroquia-matriz-pujili\/\"><img loading=\"lazy\" class=\"alignnone size-medium wp-image-2649\" src=\"https:\/\/www.municipiopujili.gob.ec\/pujili\/wp-content\/uploads\/2019\/11\/Pujili-centro-300x150.jpg\" alt=\"\" width=\"300\" height=\"150\" \/><\/a><\/p><\/div>\n\t\t\t\t\t\t\t\t\t<div class=\"elementor-tab-title elementor-tab-mobile-title\" data-tab=\"4\" role=\"tab\">Angamarca<\/div>\n\t\t\t\t\t<div id=\"elementor-tab-content-2524\" class=\"elementor-tab-content elementor-clearfix\" data-tab=\"4\" role=\"tabpanel\" aria-labelledby=\"elementor-tab-title-2524\"><p><a href=\"https:\/\/www.municipiopujili.gob.ec\/pujili\/parroquia-angamarca\/\"><img loading=\"lazy\" class=\"alignnone size-medium wp-image-2253\" src=\"https:\/\/www.municipiopujili.gob.ec\/pujili\/wp-content\/uploads\/2019\/10\/Angamarca-1-300x140.jpg\" alt=\"\" width=\"300\" height=\"140\" \/><\/a><\/p><\/div>\n\t\t\t\t\t\t\t\t\t<div class=\"elementor-tab-title elementor-tab-mobile-title\" data-tab=\"5\" role=\"tab\">Pilal\u00f3<\/div>\n\t\t\t\t\t<div id=\"elementor-tab-content-2525\" class=\"elementor-tab-content elementor-clearfix\" data-tab=\"5\" role=\"tabpanel\" aria-labelledby=\"elementor-tab-title-2525\"><p><img loading=\"lazy\" class=\"alignnone size-medium wp-image-2648\" src=\"https:\/\/www.municipiopujili.gob.ec\/pujili\/wp-content\/uploads\/2019\/11\/Pilalo-cascadas-300x150.jpg\" alt=\"\" width=\"300\" height=\"150\" \/><\/p><\/div>\n\t\t\t\t\t\t\t\t\t<div class=\"elementor-tab-title elementor-tab-mobile-title\" data-tab=\"6\" role=\"tab\">Guangaje<\/div>\n\t\t\t\t\t<div id=\"elementor-tab-content-2526\" class=\"elementor-tab-content elementor-clearfix\" data-tab=\"6\" role=\"tabpanel\" aria-labelledby=\"elementor-tab-title-2526\"><p><a href=\"https:\/\/www.municipiopujili.gob.ec\/pujili\/parroquia-guangaje\/\"><img loading=\"lazy\" class=\"alignnone size-medium wp-image-2249\" src=\"https:\/\/www.municipiopujili.gob.ec\/pujili\/wp-content\/uploads\/2019\/10\/Pintores-de-Tigua-1-300x148.jpg\" alt=\"\" width=\"300\" height=\"148\" \/><\/a><\/p><\/div>\n\t\t\t\t\t\t\t\t\t<div class=\"elementor-tab-title elementor-tab-mobile-title\" data-tab=\"7\" role=\"tab\">El Tingo la Esperanza<\/div>\n\t\t\t\t\t<div id=\"elementor-tab-content-2527\" class=\"elementor-tab-content elementor-clearfix\" data-tab=\"7\" role=\"tabpanel\" aria-labelledby=\"elementor-tab-title-2527\"><p><a href=\"https:\/\/www.municipiopujili.gob.ec\/pujili\/parroquia-tingo-la-esperanza\/\"><img loading=\"lazy\" class=\"alignnone size-medium wp-image-2246\" src=\"https:\/\/www.municipiopujili.gob.ec\/pujili\/wp-content\/uploads\/2019\/10\/El-Tingo-1-300x149.jpg\" alt=\"\" width=\"300\" height=\"149\" \/><\/a><\/p><\/div>\n\t\t\t\t\t\t\t<\/div>\n\t\t<\/div>\n\t\t\t\t<\/div>\n\t\t\t\t<\/div>\n\t\t\t\t\t\t<\/div>\n\t\t\t<\/div>\n\t\t<\/div>\n\t\t\t\t\t\t<\/div>\n\t\t\t<\/div>\n\t\t<\/section>\n\t\t\t\t<section class=\"elementor-element elementor-element-faee469 elementor-section-boxed elementor-section-height-default elementor-section-height-default elementor-section elementor-top-section\" data-id=\"faee469\" data-element_type=\"section\">\n\t\t\t\t\t\t<div class=\"elementor-container elementor-column-gap-default\">\n\t\t\t\t<div class=\"elementor-row\">\n\t\t\t\t<div class=\"elementor-element elementor-element-82e3a2d elementor-column elementor-col-100 elementor-top-column\" data-id=\"82e3a2d\" data-element_type=\"column\">\n\t\t\t<div class=\"elementor-column-wrap  elementor-element-populated\">\n\t\t\t\t\t<div class=\"elementor-widget-wrap\">\n\t\t\t\t<div class=\"elementor-element elementor-element-39cd028 elementor-widget elementor-widget-image\" data-id=\"39cd028\" data-element_type=\"widget\" data-widget_type=\"image.default\">\n\t\t\t\t<div class=\"elementor-widget-container\">\n\t\t\t\t\t<div class=\"elementor-image\">\n\t\t\t\t\t\t\t\t\t\t<img src=\"https:\/\/www.municipiopujili.gob.ec\/pujili\/wp-content\/uploads\/2019\/10\/La-Victoria-1.jpg\" title=\"\" alt=\"\" \/>\t\t\t\t\t\t\t\t\t\t\t<\/div>\n\t\t\t\t<\/div>\n\t\t\t\t<\/div>\n\t\t\t\t\t\t<\/div>\n\t\t\t<\/div>\n\t\t<\/div>\n\t\t\t\t\t\t<\/div>\n\t\t\t<\/div>\n\t\t<\/section>\n\t\t\t\t<section class=\"elementor-element elementor-element-52d79ef elementor-section-boxed elementor-section-height-default elementor-section-height-default elementor-section elementor-top-section\" data-id=\"52d79ef\" data-element_type=\"section\">\n\t\t\t\t\t\t<div class=\"elementor-container elementor-column-gap-default\">\n\t\t\t\t<div class=\"elementor-row\">\n\t\t\t\t<div class=\"elementor-element elementor-element-8d3353d elementor-column elementor-col-100 elementor-top-column\" data-id=\"8d3353d\" data-element_type=\"column\">\n\t\t\t<div class=\"elementor-column-wrap  elementor-element-populated\">\n\t\t\t\t\t<div class=\"elementor-widget-wrap\">\n\t\t\t\t<div class=\"elementor-element elementor-element-4cdee92 elementor-widget elementor-widget-text-editor\" data-id=\"4cdee92\" data-element_type=\"widget\" data-widget_type=\"text-editor.default\">\n\t\t\t\t<div class=\"elementor-widget-container\">\n\t\t\t\t\t<div class=\"elementor-text-editor elementor-clearfix\"><h3 style=\"text-align: center;\"><span style=\"color: #030000;\"><strong>PARROQUIA LA VICTORIA<\/strong><\/span><\/h3><p><span style=\"color: #030000;\">Se encuentra ubicada a 5km. al norte de Pujil\u00ed. Por su actividad y producci\u00f3n es la capital alfarera de la provincia de Cotopaxi.<\/span><\/p><p>\u00a0<\/p><p><span style=\"color: #030000;\"><strong>\u00bfQu\u00e9 visitar?<\/strong><\/span><\/p><ul><li><span style=\"color: #030000;\"><strong>Barri\u00f3 Tejar Cuna de la Cer\u00e1mica.- <\/strong>En este sitio se elaboran diferentes objetos de cer\u00e1mica.<\/span><\/li><li><span style=\"color: #030000;\"><strong>P\u00e1ramo el Morti\u00f1al<\/strong>.- Es muy visitado en la \u00e9poca de morti\u00f1os.<\/span><\/li><li><span style=\"color: #030000;\"><strong>Zonas arqueol\u00f3gicas.-<\/strong> En este sitio se hallaron restos f\u00f3siles de mastodontes.<\/span><\/li><\/ul><p><span style=\"color: #030000;\"><strong>\u00bfQu\u00e9 actividades realizar?<\/strong><\/span><\/p><ul><li><span style=\"color: #030000;\">Treking<\/span><\/li><li><span style=\"color: #030000;\">Compras de artesan\u00edas de barro<\/span><\/li><li><span style=\"color: #030000;\">Paseo a caballo<\/span><\/li><li><span style=\"color: #030000;\">Picnic<\/span><\/li><\/ul><p><span style=\"color: #030000;\">Ciclismo<\/span><\/p><\/div>\n\t\t\t\t<\/div>\n\t\t\t\t<\/div>\n\t\t\t\t\t\t<\/div>\n\t\t\t<\/div>\n\t\t<\/div>\n\t\t\t\t\t\t<\/div>\n\t\t\t<\/div>\n\t\t<\/section>\n\t\t\t\t\t\t<\/div>\n\t\t\t<\/div>\n\t\t<\/div>\n\t\t ","protected":false},"excerpt":{"rendered":"<p>La Victoria Zumbahua Pujili Angamarca Pilal\u00f3 Guangaje El Tingo la Esperanza La Victoria Zumbahua Pujili Angamarca Pilal\u00f3 Guangaje El Tingo la Esperanza PARROQUIA LA VICTORIA Se encuentra ubicada a 5km. al norte de Pujil\u00ed. Por su actividad y producci\u00f3n es la capital alfarera de la provincia de Cotopaxi. \u00a0 \u00bfQu\u00e9 visitar? Barri\u00f3 Tejar Cuna de &hellip;<\/p>\n<p class=\"read-more\"> <a class=\"\" href=\"https:\/\/www.municipiopujili.gob.ec\/pujili\/parroquia-la-victoria\/\"> <span class=\"screen-reader-text\">PARROQUIA LA VICTORIA<\/span> Leer m\u00e1s &raquo;<\/a><\/p>\n","protected":false},"author":1,"featured_media":0,"parent":0,"menu_order":0,"comment_status":"closed","ping_status":"closed","template":"","meta":[],"uagb_featured_image_src":{"full":false,"thumbnail":false,"medium":false,"medium_large":false,"large":false,"1536x1536":false,"2048x2048":false},"uagb_author_info":{"display_name":"Gadmicp","author_link":"https:\/\/www.municipiopujili.gob.ec\/pujili\/author\/rudyzm\/"},"uagb_comment_info":0,"uagb_excerpt":"La Victoria Zumbahua Pujili Angamarca Pilal\u00f3 Guangaje El Tingo la Esperanza La Victoria Zumbahua Pujili Angamarca Pilal\u00f3 Guangaje El Tingo la Esperanza PARROQUIA LA VICTORIA Se encuentra ubicada a 5km. al norte de Pujil\u00ed. Por su actividad y producci\u00f3n es la capital alfarera de la provincia de Cotopaxi. \u00a0 \u00bfQu\u00e9 visitar? Barri\u00f3 Tejar Cuna de&hellip;","yoast_head":"<!-- This site is optimized with the Yoast SEO plugin v14.0.4 - https:\/\/yoast.com\/wordpress\/plugins\/seo\/ -->\n<title>PARROQUIA LA VICTORIA - Gadmic Pujil\u00ed<\/title>\n<meta name=\"robots\" content=\"index, follow\" \/>\n<meta name=\"googlebot\" content=\"index, follow, max-snippet:-1, max-image-preview:large, max-video-preview:-1\" \/>\n<meta name=\"bingbot\" content=\"index, follow, max-snippet:-1, max-image-preview:large, max-video-preview:-1\" \/>\n<link rel=\"canonical\" href=\"https:\/\/www.municipiopujili.gob.ec\/pujili\/parroquia-la-victoria\/\" \/>\n<meta property=\"og:locale\" content=\"es_ES\" \/>\n<meta property=\"og:type\" content=\"article\" \/>\n<meta property=\"og:title\" content=\"PARROQUIA LA VICTORIA - Gadmic Pujil\u00ed\" \/>\n<meta property=\"og:description\" content=\"La Victoria Zumbahua Pujili Angamarca Pilal\u00f3 Guangaje El Tingo la Esperanza La Victoria Zumbahua Pujili Angamarca Pilal\u00f3 Guangaje El Tingo la Esperanza PARROQUIA LA VICTORIA Se encuentra ubicada a 5km. al norte de Pujil\u00ed. Por su actividad y producci\u00f3n es la capital alfarera de la provincia de Cotopaxi. \u00a0 \u00bfQu\u00e9 visitar? Barri\u00f3 Tejar Cuna de &hellip; PARROQUIA LA VICTORIA Leer m\u00e1s &raquo;\" \/>\n<meta property=\"og:url\" content=\"https:\/\/www.municipiopujili.gob.ec\/pujili\/parroquia-la-victoria\/\" \/>\n<meta property=\"og:site_name\" content=\"Gadmic Pujil\u00ed\" \/>\n<meta property=\"article:modified_time\" content=\"2019-11-11T20:12:26+00:00\" \/>\n<meta property=\"og:image\" content=\"https:\/\/www.municipiopujili.gob.ec\/pujili\/wp-content\/uploads\/2019\/10\/La-Victoria-1-300x149.jpg\" \/>\n<meta name=\"twitter:card\" content=\"summary_large_image\" \/>\n<script type=\"application\/ld+json\" class=\"yoast-schema-graph\">{\"@context\":\"https:\/\/schema.org\",\"@graph\":[{\"@type\":\"WebSite\",\"@id\":\"https:\/\/www.municipiopujili.gob.ec\/pujili\/#website\",\"url\":\"https:\/\/www.municipiopujili.gob.ec\/pujili\/\",\"name\":\"Gadmic Pujil\\u00ed\",\"description\":\"Cant\\u00f3n Pujil\\u00ed\",\"potentialAction\":[{\"@type\":\"SearchAction\",\"target\":\"https:\/\/www.municipiopujili.gob.ec\/pujili\/?s={search_term_string}\",\"query-input\":\"required name=search_term_string\"}],\"inLanguage\":\"es\"},{\"@type\":\"ImageObject\",\"@id\":\"https:\/\/www.municipiopujili.gob.ec\/pujili\/parroquia-la-victoria\/#primaryimage\",\"inLanguage\":\"es\",\"url\":\"https:\/\/www.municipiopujili.gob.ec\/pujili\/wp-content\/uploads\/2019\/10\/La-Victoria-1-300x149.jpg\"},{\"@type\":\"WebPage\",\"@id\":\"https:\/\/www.municipiopujili.gob.ec\/pujili\/parroquia-la-victoria\/#webpage\",\"url\":\"https:\/\/www.municipiopujili.gob.ec\/pujili\/parroquia-la-victoria\/\",\"name\":\"PARROQUIA LA VICTORIA - Gadmic Pujil\\u00ed\",\"isPartOf\":{\"@id\":\"https:\/\/www.municipiopujili.gob.ec\/pujili\/#website\"},\"primaryImageOfPage\":{\"@id\":\"https:\/\/www.municipiopujili.gob.ec\/pujili\/parroquia-la-victoria\/#primaryimage\"},\"datePublished\":\"2019-11-06T20:37:59+00:00\",\"dateModified\":\"2019-11-11T20:12:26+00:00\",\"inLanguage\":\"es\",\"potentialAction\":[{\"@type\":\"ReadAction\",\"target\":[\"https:\/\/www.municipiopujili.gob.ec\/pujili\/parroquia-la-victoria\/\"]}]}]}<\/script>\n<!-- \/ Yoast SEO plugin. -->","_links":{"self":[{"href":"https:\/\/www.municipiopujili.gob.ec\/pujili\/wp-json\/wp\/v2\/pages\/2400"}],"collection":[{"href":"https:\/\/www.municipiopujili.gob.ec\/pujili\/wp-json\/wp\/v2\/pages"}],"about":[{"href":"https:\/\/www.municipiopujili.gob.ec\/pujili\/wp-json\/wp\/v2\/types\/page"}],"author":[{"embeddable":true,"href":"https:\/\/www.municipiopujili.gob.ec\/pujili\/wp-json\/wp\/v2\/users\/1"}],"replies":[{"embeddable":true,"href":"https:\/\/www.municipiopujili.gob.ec\/pujili\/wp-json\/wp\/v2\/comments?post=2400"}],"version-history":[{"count":5,"href":"https:\/\/www.municipiopujili.gob.ec\/pujili\/wp-json\/wp\/v2\/pages\/2400\/revisions"}],"predecessor-version":[{"id":2685,"href":"https:\/\/www.municipiopujili.gob.ec\/pujili\/wp-json\/wp\/v2\/pages\/2400\/revisions\/2685"}],"wp:attachment":[{"href":"https:\/\/www.municipiopujili.gob.ec\/pujili\/wp-json\/wp\/v2\/media?parent=2400"}],"curies":[{"name":"wp","href":"https:\/\/api.w.org\/{rel}","templated":true}]}}