{"id":2404,"date":"2019-11-06T20:42:51","date_gmt":"2019-11-06T20:42:51","guid":{"rendered":"https:\/\/www.municipiopujili.gob.ec\/pujili\/?page_id=2404"},"modified":"2019-11-11T19:54:21","modified_gmt":"2019-11-11T19:54:21","slug":"parroquia-zumbahua","status":"publish","type":"page","link":"https:\/\/www.municipiopujili.gob.ec\/pujili\/parroquia-zumbahua\/","title":{"rendered":"PARROQUIA ZUMBAHUA"},"content":{"rendered":"\t\t<div data-elementor-type=\"wp-page\" data-elementor-id=\"2404\" class=\"elementor elementor-2404\" data-elementor-settings=\"[]\">\n\t\t\t<div class=\"elementor-inner\">\n\t\t\t\t<div class=\"elementor-section-wrap\">\n\t\t\t\t\t\t\t<section class=\"elementor-element elementor-element-03a5b76 elementor-section-boxed elementor-section-height-default elementor-section-height-default elementor-section elementor-top-section\" data-id=\"03a5b76\" data-element_type=\"section\">\n\t\t\t\t\t\t<div class=\"elementor-container elementor-column-gap-default\">\n\t\t\t\t<div class=\"elementor-row\">\n\t\t\t\t<div class=\"elementor-element elementor-element-7b50ac2 elementor-column elementor-col-100 elementor-top-column\" data-id=\"7b50ac2\" data-element_type=\"column\">\n\t\t\t<div class=\"elementor-column-wrap  elementor-element-populated\">\n\t\t\t\t\t<div class=\"elementor-widget-wrap\">\n\t\t\t\t<div class=\"elementor-element elementor-element-b11c7f9 elementor-tabs-view-horizontal elementor-widget elementor-widget-tabs\" data-id=\"b11c7f9\" data-element_type=\"widget\" data-widget_type=\"tabs.default\">\n\t\t\t\t<div class=\"elementor-widget-container\">\n\t\t\t\t\t<div class=\"elementor-tabs\" role=\"tablist\">\n\t\t\t<div class=\"elementor-tabs-wrapper\">\n\t\t\t\t\t\t\t\t\t<div id=\"elementor-tab-title-1851\" class=\"elementor-tab-title elementor-tab-desktop-title\" data-tab=\"1\" role=\"tab\" aria-controls=\"elementor-tab-content-1851\"><a href=\"\">Zumbahua<\/a><\/div>\n\t\t\t\t\t\t\t\t\t<div id=\"elementor-tab-title-1852\" class=\"elementor-tab-title elementor-tab-desktop-title\" data-tab=\"2\" role=\"tab\" aria-controls=\"elementor-tab-content-1852\"><a href=\"\">Pujili<\/a><\/div>\n\t\t\t\t\t\t\t\t\t<div id=\"elementor-tab-title-1853\" class=\"elementor-tab-title elementor-tab-desktop-title\" data-tab=\"3\" role=\"tab\" aria-controls=\"elementor-tab-content-1853\"><a href=\"\">Angamarca<\/a><\/div>\n\t\t\t\t\t\t\t\t\t<div id=\"elementor-tab-title-1854\" class=\"elementor-tab-title elementor-tab-desktop-title\" data-tab=\"4\" role=\"tab\" aria-controls=\"elementor-tab-content-1854\"><a href=\"\">Pilal\u00f3<\/a><\/div>\n\t\t\t\t\t\t\t\t\t<div id=\"elementor-tab-title-1855\" class=\"elementor-tab-title elementor-tab-desktop-title\" data-tab=\"5\" role=\"tab\" aria-controls=\"elementor-tab-content-1855\"><a href=\"\">Guangaje<\/a><\/div>\n\t\t\t\t\t\t\t\t\t<div id=\"elementor-tab-title-1856\" class=\"elementor-tab-title elementor-tab-desktop-title\" data-tab=\"6\" role=\"tab\" aria-controls=\"elementor-tab-content-1856\"><a href=\"\">La Victoria<\/a><\/div>\n\t\t\t\t\t\t\t\t\t<div id=\"elementor-tab-title-1857\" class=\"elementor-tab-title elementor-tab-desktop-title\" data-tab=\"7\" role=\"tab\" aria-controls=\"elementor-tab-content-1857\"><a href=\"\">El Tingo la Esperanza<\/a><\/div>\n\t\t\t\t\t\t\t<\/div>\n\t\t\t<div class=\"elementor-tabs-content-wrapper\">\n\t\t\t\t\t\t\t\t\t<div class=\"elementor-tab-title elementor-tab-mobile-title\" data-tab=\"1\" role=\"tab\">Zumbahua<\/div>\n\t\t\t\t\t<div id=\"elementor-tab-content-1851\" class=\"elementor-tab-content elementor-clearfix\" data-tab=\"1\" role=\"tabpanel\" aria-labelledby=\"elementor-tab-title-1851\"><p><a href=\"https:\/\/www.municipiopujili.gob.ec\/pujili\/parroquia-zumbahua\/\"><img loading=\"lazy\" class=\"alignnone size-medium wp-image-2252\" src=\"https:\/\/www.municipiopujili.gob.ec\/pujili\/wp-content\/uploads\/2019\/10\/Zumbahua-1-300x150.jpg\" alt=\"\" width=\"300\" height=\"150\" \/><\/a><\/p><\/div>\n\t\t\t\t\t\t\t\t\t<div class=\"elementor-tab-title elementor-tab-mobile-title\" data-tab=\"2\" role=\"tab\">Pujili<\/div>\n\t\t\t\t\t<div id=\"elementor-tab-content-1852\" class=\"elementor-tab-content elementor-clearfix\" data-tab=\"2\" role=\"tabpanel\" aria-labelledby=\"elementor-tab-title-1852\"><p><a href=\"https:\/\/www.municipiopujili.gob.ec\/pujili\/parroquia-matriz-pujili\/\"><img loading=\"lazy\" class=\"alignnone size-medium wp-image-2649\" src=\"https:\/\/www.municipiopujili.gob.ec\/pujili\/wp-content\/uploads\/2019\/11\/Pujili-centro-300x150.jpg\" alt=\"\" width=\"300\" height=\"150\" \/><\/a><\/p><\/div>\n\t\t\t\t\t\t\t\t\t<div class=\"elementor-tab-title elementor-tab-mobile-title\" data-tab=\"3\" role=\"tab\">Angamarca<\/div>\n\t\t\t\t\t<div id=\"elementor-tab-content-1853\" class=\"elementor-tab-content elementor-clearfix\" data-tab=\"3\" role=\"tabpanel\" aria-labelledby=\"elementor-tab-title-1853\"><p><a href=\"https:\/\/www.municipiopujili.gob.ec\/pujili\/parroquia-angamarca\/\"><img loading=\"lazy\" class=\"alignnone size-medium wp-image-2253\" src=\"https:\/\/www.municipiopujili.gob.ec\/pujili\/wp-content\/uploads\/2019\/10\/Angamarca-1-300x140.jpg\" alt=\"\" width=\"300\" height=\"140\" \/><\/a><\/p><\/div>\n\t\t\t\t\t\t\t\t\t<div class=\"elementor-tab-title elementor-tab-mobile-title\" data-tab=\"4\" role=\"tab\">Pilal\u00f3<\/div>\n\t\t\t\t\t<div id=\"elementor-tab-content-1854\" class=\"elementor-tab-content elementor-clearfix\" data-tab=\"4\" role=\"tabpanel\" aria-labelledby=\"elementor-tab-title-1854\"><p><a href=\"https:\/\/www.municipiopujili.gob.ec\/pujili\/parroquia-matriz-pujili\/\"><img loading=\"lazy\" class=\"alignnone size-medium wp-image-2648\" src=\"https:\/\/www.municipiopujili.gob.ec\/pujili\/wp-content\/uploads\/2019\/11\/Pilalo-cascadas-300x150.jpg\" alt=\"\" width=\"300\" height=\"150\" \/><\/a><\/p><\/div>\n\t\t\t\t\t\t\t\t\t<div class=\"elementor-tab-title elementor-tab-mobile-title\" data-tab=\"5\" role=\"tab\">Guangaje<\/div>\n\t\t\t\t\t<div id=\"elementor-tab-content-1855\" class=\"elementor-tab-content elementor-clearfix\" data-tab=\"5\" role=\"tabpanel\" aria-labelledby=\"elementor-tab-title-1855\"><p><a href=\"https:\/\/www.municipiopujili.gob.ec\/pujili\/parroquia-guangaje\/\"><img loading=\"lazy\" class=\"alignnone size-medium wp-image-2249\" src=\"https:\/\/www.municipiopujili.gob.ec\/pujili\/wp-content\/uploads\/2019\/10\/Pintores-de-Tigua-1-300x148.jpg\" alt=\"\" width=\"300\" height=\"148\" \/><\/a><\/p><\/div>\n\t\t\t\t\t\t\t\t\t<div class=\"elementor-tab-title elementor-tab-mobile-title\" data-tab=\"6\" role=\"tab\">La Victoria<\/div>\n\t\t\t\t\t<div id=\"elementor-tab-content-1856\" class=\"elementor-tab-content elementor-clearfix\" data-tab=\"6\" role=\"tabpanel\" aria-labelledby=\"elementor-tab-title-1856\"><p><a href=\"https:\/\/www.municipiopujili.gob.ec\/pujili\/parroquia-la-victoria\/\"><img loading=\"lazy\" class=\"alignnone size-medium wp-image-2247\" src=\"https:\/\/www.municipiopujili.gob.ec\/pujili\/wp-content\/uploads\/2019\/10\/La-Victoria-1-300x149.jpg\" alt=\"\" width=\"300\" height=\"149\" \/><\/a><\/p><\/div>\n\t\t\t\t\t\t\t\t\t<div class=\"elementor-tab-title elementor-tab-mobile-title\" data-tab=\"7\" role=\"tab\">El Tingo la Esperanza<\/div>\n\t\t\t\t\t<div id=\"elementor-tab-content-1857\" class=\"elementor-tab-content elementor-clearfix\" data-tab=\"7\" role=\"tabpanel\" aria-labelledby=\"elementor-tab-title-1857\"><p><a href=\"https:\/\/www.municipiopujili.gob.ec\/pujili\/parroquia-tingo-la-esperanza\/\"><img loading=\"lazy\" class=\"alignnone size-medium wp-image-2246\" src=\"https:\/\/www.municipiopujili.gob.ec\/pujili\/wp-content\/uploads\/2019\/10\/El-Tingo-1-300x149.jpg\" alt=\"\" width=\"300\" height=\"149\" \/><\/a><\/p><\/div>\n\t\t\t\t\t\t\t<\/div>\n\t\t<\/div>\n\t\t\t\t<\/div>\n\t\t\t\t<\/div>\n\t\t\t\t\t\t<\/div>\n\t\t\t<\/div>\n\t\t<\/div>\n\t\t\t\t\t\t<\/div>\n\t\t\t<\/div>\n\t\t<\/section>\n\t\t\t\t<section class=\"elementor-element elementor-element-3f16de3 elementor-section-boxed elementor-section-height-default elementor-section-height-default elementor-section elementor-top-section\" data-id=\"3f16de3\" data-element_type=\"section\">\n\t\t\t\t\t\t<div class=\"elementor-container elementor-column-gap-default\">\n\t\t\t\t<div class=\"elementor-row\">\n\t\t\t\t<div class=\"elementor-element elementor-element-fc3eca0 elementor-column elementor-col-100 elementor-top-column\" data-id=\"fc3eca0\" data-element_type=\"column\">\n\t\t\t<div class=\"elementor-column-wrap  elementor-element-populated\">\n\t\t\t\t\t<div class=\"elementor-widget-wrap\">\n\t\t\t\t<div class=\"elementor-element elementor-element-becfa0f elementor-widget elementor-widget-image\" data-id=\"becfa0f\" data-element_type=\"widget\" data-widget_type=\"image.default\">\n\t\t\t\t<div class=\"elementor-widget-container\">\n\t\t\t\t\t<div class=\"elementor-image\">\n\t\t\t\t\t\t\t\t\t\t<img src=\"https:\/\/www.municipiopujili.gob.ec\/pujili\/wp-content\/uploads\/2019\/10\/Zumbahua-1.jpg\" title=\"\" alt=\"\" \/>\t\t\t\t\t\t\t\t\t\t\t<\/div>\n\t\t\t\t<\/div>\n\t\t\t\t<\/div>\n\t\t\t\t\t\t<\/div>\n\t\t\t<\/div>\n\t\t<\/div>\n\t\t\t\t\t\t<\/div>\n\t\t\t<\/div>\n\t\t<\/section>\n\t\t\t\t<section class=\"elementor-element elementor-element-91fcfc2 elementor-section-boxed elementor-section-height-default elementor-section-height-default elementor-section elementor-top-section\" data-id=\"91fcfc2\" data-element_type=\"section\">\n\t\t\t\t\t\t<div class=\"elementor-container elementor-column-gap-default\">\n\t\t\t\t<div class=\"elementor-row\">\n\t\t\t\t<div class=\"elementor-element elementor-element-baf14ca elementor-column elementor-col-100 elementor-top-column\" data-id=\"baf14ca\" data-element_type=\"column\">\n\t\t\t<div class=\"elementor-column-wrap  elementor-element-populated\">\n\t\t\t\t\t<div class=\"elementor-widget-wrap\">\n\t\t\t\t<div class=\"elementor-element elementor-element-3364ba3 elementor-widget elementor-widget-text-editor\" data-id=\"3364ba3\" data-element_type=\"widget\" data-widget_type=\"text-editor.default\">\n\t\t\t\t<div class=\"elementor-widget-container\">\n\t\t\t\t\t<div class=\"elementor-text-editor elementor-clearfix\"><h3 style=\"text-align: center;\"><span style=\"color: #050000;\"><strong>PARROQUIA ZUMBAHUA<\/strong><\/span><\/h3><p><span style=\"color: #050000;\">Parroquia conservadora de costumbres y tradiciones ind\u00edgenas, aqu\u00ed se puede encontrar el intercambio comercial del trueque.<\/span><\/p><p><span style=\"color: #050000;\"><strong>\u00bfQu\u00e9 visitar?<\/strong><\/span><\/p><ul><li><span style=\"color: #050000;\"><strong>Laguna de Quilotoa.-<\/strong> Con sus aguas saladas y de color verdoso posee un di\u00e1metro de 3km.<\/span><\/li><li><span style=\"color: #050000;\"><strong>Ca\u00f1\u00f3n de Toachi.-<\/strong> Producto de flujos pirocl\u00e1sticos del volc\u00e1n Quilotoa, tiene alrededor de 80 a 100m de altura.<\/span><\/li><li><span style=\"color: #050000;\"><strong>Kuntur Matzi o \u201cLa cueva del c\u00f3ndor\u201d.-<\/strong> Est\u00e1 ubicada a 5km antes de la parroquia de Zumbahua, esta cueva es uno de los lugares m\u00e1s renombrado en las leyendas del sitio.<\/span><\/li><\/ul><p><span style=\"color: #050000;\"><strong>\u00bfQu\u00e9 actividades realizar?<\/strong><\/span><\/p><ul><li><span style=\"color: #050000;\">Treking<\/span><\/li><li><span style=\"color: #050000;\">Cabalgatas<\/span><\/li><li><span style=\"color: #050000;\">Ciclismo<\/span><\/li><li><span style=\"color: #050000;\">Camping<\/span><\/li><li><span style=\"color: #050000;\">Compras (Artesan\u00edas de la zona)<\/span><\/li><\/ul><\/div>\n\t\t\t\t<\/div>\n\t\t\t\t<\/div>\n\t\t\t\t\t\t<\/div>\n\t\t\t<\/div>\n\t\t<\/div>\n\t\t\t\t\t\t<\/div>\n\t\t\t<\/div>\n\t\t<\/section>\n\t\t\t\t\t\t<\/div>\n\t\t\t<\/div>\n\t\t<\/div>\n\t\t ","protected":false},"excerpt":{"rendered":"<p>Zumbahua Pujili Angamarca Pilal\u00f3 Guangaje La Victoria El Tingo la Esperanza Zumbahua Pujili Angamarca Pilal\u00f3 Guangaje La Victoria El Tingo la Esperanza PARROQUIA ZUMBAHUA Parroquia conservadora de costumbres y tradiciones ind\u00edgenas, aqu\u00ed se puede encontrar el intercambio comercial del trueque. \u00bfQu\u00e9 visitar? Laguna de Quilotoa.- Con sus aguas saladas y de color verdoso posee un &hellip;<\/p>\n<p class=\"read-more\"> <a class=\"\" href=\"https:\/\/www.municipiopujili.gob.ec\/pujili\/parroquia-zumbahua\/\"> <span class=\"screen-reader-text\">PARROQUIA ZUMBAHUA<\/span> Leer m\u00e1s &raquo;<\/a><\/p>\n","protected":false},"author":1,"featured_media":0,"parent":0,"menu_order":0,"comment_status":"closed","ping_status":"closed","template":"","meta":[],"uagb_featured_image_src":{"full":false,"thumbnail":false,"medium":false,"medium_large":false,"large":false,"1536x1536":false,"2048x2048":false},"uagb_author_info":{"display_name":"Gadmicp","author_link":"https:\/\/www.municipiopujili.gob.ec\/pujili\/author\/rudyzm\/"},"uagb_comment_info":0,"uagb_excerpt":"Zumbahua Pujili Angamarca Pilal\u00f3 Guangaje La Victoria El Tingo la Esperanza Zumbahua Pujili Angamarca Pilal\u00f3 Guangaje La Victoria El Tingo la Esperanza PARROQUIA ZUMBAHUA Parroquia conservadora de costumbres y tradiciones ind\u00edgenas, aqu\u00ed se puede encontrar el intercambio comercial del trueque. \u00bfQu\u00e9 visitar? Laguna de Quilotoa.- Con sus aguas saladas y de color verdoso posee un&hellip;","yoast_head":"<!-- This site is optimized with the Yoast SEO plugin v14.0.4 - https:\/\/yoast.com\/wordpress\/plugins\/seo\/ -->\n<title>PARROQUIA ZUMBAHUA - Gadmic Pujil\u00ed<\/title>\n<meta name=\"robots\" content=\"index, follow\" \/>\n<meta name=\"googlebot\" content=\"index, follow, max-snippet:-1, max-image-preview:large, max-video-preview:-1\" \/>\n<meta name=\"bingbot\" content=\"index, follow, max-snippet:-1, max-image-preview:large, max-video-preview:-1\" \/>\n<link rel=\"canonical\" href=\"https:\/\/www.municipiopujili.gob.ec\/pujili\/parroquia-zumbahua\/\" \/>\n<meta property=\"og:locale\" content=\"es_ES\" \/>\n<meta property=\"og:type\" content=\"article\" \/>\n<meta property=\"og:title\" content=\"PARROQUIA ZUMBAHUA - Gadmic Pujil\u00ed\" \/>\n<meta property=\"og:description\" content=\"Zumbahua Pujili Angamarca Pilal\u00f3 Guangaje La Victoria El Tingo la Esperanza Zumbahua Pujili Angamarca Pilal\u00f3 Guangaje La Victoria El Tingo la Esperanza PARROQUIA ZUMBAHUA Parroquia conservadora de costumbres y tradiciones ind\u00edgenas, aqu\u00ed se puede encontrar el intercambio comercial del trueque. \u00bfQu\u00e9 visitar? Laguna de Quilotoa.- Con sus aguas saladas y de color verdoso posee un &hellip; PARROQUIA ZUMBAHUA Leer m\u00e1s &raquo;\" \/>\n<meta property=\"og:url\" content=\"https:\/\/www.municipiopujili.gob.ec\/pujili\/parroquia-zumbahua\/\" \/>\n<meta property=\"og:site_name\" content=\"Gadmic Pujil\u00ed\" \/>\n<meta property=\"article:modified_time\" content=\"2019-11-11T19:54:21+00:00\" \/>\n<meta property=\"og:image\" content=\"https:\/\/www.municipiopujili.gob.ec\/pujili\/wp-content\/uploads\/2019\/10\/Zumbahua-1-300x150.jpg\" \/>\n<meta name=\"twitter:card\" content=\"summary_large_image\" \/>\n<script type=\"application\/ld+json\" class=\"yoast-schema-graph\">{\"@context\":\"https:\/\/schema.org\",\"@graph\":[{\"@type\":\"WebSite\",\"@id\":\"https:\/\/www.municipiopujili.gob.ec\/pujili\/#website\",\"url\":\"https:\/\/www.municipiopujili.gob.ec\/pujili\/\",\"name\":\"Gadmic Pujil\\u00ed\",\"description\":\"Cant\\u00f3n Pujil\\u00ed\",\"potentialAction\":[{\"@type\":\"SearchAction\",\"target\":\"https:\/\/www.municipiopujili.gob.ec\/pujili\/?s={search_term_string}\",\"query-input\":\"required name=search_term_string\"}],\"inLanguage\":\"es\"},{\"@type\":\"ImageObject\",\"@id\":\"https:\/\/www.municipiopujili.gob.ec\/pujili\/parroquia-zumbahua\/#primaryimage\",\"inLanguage\":\"es\",\"url\":\"https:\/\/www.municipiopujili.gob.ec\/pujili\/wp-content\/uploads\/2019\/10\/Zumbahua-1-300x150.jpg\"},{\"@type\":\"WebPage\",\"@id\":\"https:\/\/www.municipiopujili.gob.ec\/pujili\/parroquia-zumbahua\/#webpage\",\"url\":\"https:\/\/www.municipiopujili.gob.ec\/pujili\/parroquia-zumbahua\/\",\"name\":\"PARROQUIA ZUMBAHUA - Gadmic Pujil\\u00ed\",\"isPartOf\":{\"@id\":\"https:\/\/www.municipiopujili.gob.ec\/pujili\/#website\"},\"primaryImageOfPage\":{\"@id\":\"https:\/\/www.municipiopujili.gob.ec\/pujili\/parroquia-zumbahua\/#primaryimage\"},\"datePublished\":\"2019-11-06T20:42:51+00:00\",\"dateModified\":\"2019-11-11T19:54:21+00:00\",\"inLanguage\":\"es\",\"potentialAction\":[{\"@type\":\"ReadAction\",\"target\":[\"https:\/\/www.municipiopujili.gob.ec\/pujili\/parroquia-zumbahua\/\"]}]}]}<\/script>\n<!-- \/ Yoast SEO plugin. -->","_links":{"self":[{"href":"https:\/\/www.municipiopujili.gob.ec\/pujili\/wp-json\/wp\/v2\/pages\/2404"}],"collection":[{"href":"https:\/\/www.municipiopujili.gob.ec\/pujili\/wp-json\/wp\/v2\/pages"}],"about":[{"href":"https:\/\/www.municipiopujili.gob.ec\/pujili\/wp-json\/wp\/v2\/types\/page"}],"author":[{"embeddable":true,"href":"https:\/\/www.municipiopujili.gob.ec\/pujili\/wp-json\/wp\/v2\/users\/1"}],"replies":[{"embeddable":true,"href":"https:\/\/www.municipiopujili.gob.ec\/pujili\/wp-json\/wp\/v2\/comments?post=2404"}],"version-history":[{"count":22,"href":"https:\/\/www.municipiopujili.gob.ec\/pujili\/wp-json\/wp\/v2\/pages\/2404\/revisions"}],"predecessor-version":[{"id":2677,"href":"https:\/\/www.municipiopujili.gob.ec\/pujili\/wp-json\/wp\/v2\/pages\/2404\/revisions\/2677"}],"wp:attachment":[{"href":"https:\/\/www.municipiopujili.gob.ec\/pujili\/wp-json\/wp\/v2\/media?parent=2404"}],"curies":[{"name":"wp","href":"https:\/\/api.w.org\/{rel}","templated":true}]}}