{"id":2410,"date":"2019-11-06T20:46:05","date_gmt":"2019-11-06T20:46:05","guid":{"rendered":"https:\/\/www.municipiopujili.gob.ec\/pujili\/?page_id=2410"},"modified":"2020-10-15T01:18:57","modified_gmt":"2020-10-15T01:18:57","slug":"parroquia-guangaje","status":"publish","type":"page","link":"https:\/\/www.municipiopujili.gob.ec\/pujili\/parroquia-guangaje\/","title":{"rendered":"PARROQUIA GUANGAJE"},"content":{"rendered":"\t\t<div data-elementor-type=\"wp-page\" data-elementor-id=\"2410\" class=\"elementor elementor-2410\" data-elementor-settings=\"[]\">\n\t\t\t<div class=\"elementor-inner\">\n\t\t\t\t<div class=\"elementor-section-wrap\">\n\t\t\t\t\t\t\t<section class=\"elementor-element elementor-element-c2420d4 elementor-section-boxed elementor-section-height-default elementor-section-height-default elementor-section elementor-top-section\" data-id=\"c2420d4\" data-element_type=\"section\">\n\t\t\t\t\t\t<div class=\"elementor-container elementor-column-gap-default\">\n\t\t\t\t<div class=\"elementor-row\">\n\t\t\t\t<div class=\"elementor-element elementor-element-8d27660 elementor-column elementor-col-100 elementor-top-column\" data-id=\"8d27660\" data-element_type=\"column\">\n\t\t\t<div class=\"elementor-column-wrap  elementor-element-populated\">\n\t\t\t\t\t<div class=\"elementor-widget-wrap\">\n\t\t\t\t<div class=\"elementor-element elementor-element-2ea8a6c elementor-tabs-view-horizontal elementor-widget elementor-widget-tabs\" data-id=\"2ea8a6c\" data-element_type=\"widget\" data-widget_type=\"tabs.default\">\n\t\t\t\t<div class=\"elementor-widget-container\">\n\t\t\t\t\t<div class=\"elementor-tabs\" role=\"tablist\">\n\t\t\t<div class=\"elementor-tabs-wrapper\">\n\t\t\t\t\t\t\t\t\t<div id=\"elementor-tab-title-4891\" class=\"elementor-tab-title elementor-tab-desktop-title\" data-tab=\"1\" role=\"tab\" aria-controls=\"elementor-tab-content-4891\"><a href=\"\">Guangaje<\/a><\/div>\n\t\t\t\t\t\t\t\t\t<div id=\"elementor-tab-title-4892\" class=\"elementor-tab-title elementor-tab-desktop-title\" data-tab=\"2\" role=\"tab\" aria-controls=\"elementor-tab-content-4892\"><a href=\"\">Zumbahua<\/a><\/div>\n\t\t\t\t\t\t\t\t\t<div id=\"elementor-tab-title-4893\" class=\"elementor-tab-title elementor-tab-desktop-title\" data-tab=\"3\" role=\"tab\" aria-controls=\"elementor-tab-content-4893\"><a href=\"\">Pujil\u00ed<\/a><\/div>\n\t\t\t\t\t\t\t\t\t<div id=\"elementor-tab-title-4894\" class=\"elementor-tab-title elementor-tab-desktop-title\" data-tab=\"4\" role=\"tab\" aria-controls=\"elementor-tab-content-4894\"><a href=\"\">Angamarca<\/a><\/div>\n\t\t\t\t\t\t\t\t\t<div id=\"elementor-tab-title-4895\" class=\"elementor-tab-title elementor-tab-desktop-title\" data-tab=\"5\" role=\"tab\" aria-controls=\"elementor-tab-content-4895\"><a href=\"\">Pilal\u00f3<\/a><\/div>\n\t\t\t\t\t\t\t\t\t<div id=\"elementor-tab-title-4896\" class=\"elementor-tab-title elementor-tab-desktop-title\" data-tab=\"6\" role=\"tab\" aria-controls=\"elementor-tab-content-4896\"><a href=\"\">La Victoria<\/a><\/div>\n\t\t\t\t\t\t\t\t\t<div id=\"elementor-tab-title-4897\" class=\"elementor-tab-title elementor-tab-desktop-title\" data-tab=\"7\" role=\"tab\" aria-controls=\"elementor-tab-content-4897\"><a href=\"\">El Tingo la Esperanza<\/a><\/div>\n\t\t\t\t\t\t\t<\/div>\n\t\t\t<div class=\"elementor-tabs-content-wrapper\">\n\t\t\t\t\t\t\t\t\t<div class=\"elementor-tab-title elementor-tab-mobile-title\" data-tab=\"1\" role=\"tab\">Guangaje<\/div>\n\t\t\t\t\t<div id=\"elementor-tab-content-4891\" class=\"elementor-tab-content elementor-clearfix\" data-tab=\"1\" role=\"tabpanel\" aria-labelledby=\"elementor-tab-title-4891\"><p><a href=\"https:\/\/www.municipiopujili.gob.ec\/pujili\/parroquia-guangaje\/\"><img loading=\"lazy\" class=\"alignnone size-medium wp-image-2249\" src=\"https:\/\/www.municipiopujili.gob.ec\/pujili\/wp-content\/uploads\/2019\/10\/Pintores-de-Tigua-1-300x148.jpg\" alt=\"\" width=\"300\" height=\"148\" \/><\/a><\/p><\/div>\n\t\t\t\t\t\t\t\t\t<div class=\"elementor-tab-title elementor-tab-mobile-title\" data-tab=\"2\" role=\"tab\">Zumbahua<\/div>\n\t\t\t\t\t<div id=\"elementor-tab-content-4892\" class=\"elementor-tab-content elementor-clearfix\" data-tab=\"2\" role=\"tabpanel\" aria-labelledby=\"elementor-tab-title-4892\"><p><a href=\"https:\/\/www.municipiopujili.gob.ec\/pujili\/parroquia-zumbahua\/\"><img loading=\"lazy\" class=\"alignnone size-medium wp-image-2252\" src=\"https:\/\/www.municipiopujili.gob.ec\/pujili\/wp-content\/uploads\/2019\/10\/Zumbahua-1-300x150.jpg\" alt=\"\" width=\"300\" height=\"150\" \/><\/a><\/p><\/div>\n\t\t\t\t\t\t\t\t\t<div class=\"elementor-tab-title elementor-tab-mobile-title\" data-tab=\"3\" role=\"tab\">Pujil\u00ed<\/div>\n\t\t\t\t\t<div id=\"elementor-tab-content-4893\" class=\"elementor-tab-content elementor-clearfix\" data-tab=\"3\" role=\"tabpanel\" aria-labelledby=\"elementor-tab-title-4893\"><p><a href=\"https:\/\/www.municipiopujili.gob.ec\/pujili\/parroquia-matriz-pujili\/\"><img loading=\"lazy\" class=\"alignnone size-medium wp-image-2649\" src=\"https:\/\/www.municipiopujili.gob.ec\/pujili\/wp-content\/uploads\/2019\/11\/Pujili-centro-300x150.jpg\" alt=\"\" width=\"300\" height=\"150\" \/><\/a><\/p><\/div>\n\t\t\t\t\t\t\t\t\t<div class=\"elementor-tab-title elementor-tab-mobile-title\" data-tab=\"4\" role=\"tab\">Angamarca<\/div>\n\t\t\t\t\t<div id=\"elementor-tab-content-4894\" class=\"elementor-tab-content elementor-clearfix\" data-tab=\"4\" role=\"tabpanel\" aria-labelledby=\"elementor-tab-title-4894\"><p><a href=\"https:\/\/www.municipiopujili.gob.ec\/pujili\/parroquia-angamarca\/\"><img loading=\"lazy\" class=\"alignnone size-medium wp-image-2253\" src=\"https:\/\/www.municipiopujili.gob.ec\/pujili\/wp-content\/uploads\/2019\/10\/Angamarca-1-300x140.jpg\" alt=\"\" width=\"300\" height=\"140\" \/><\/a><\/p><\/div>\n\t\t\t\t\t\t\t\t\t<div class=\"elementor-tab-title elementor-tab-mobile-title\" data-tab=\"5\" role=\"tab\">Pilal\u00f3<\/div>\n\t\t\t\t\t<div id=\"elementor-tab-content-4895\" class=\"elementor-tab-content elementor-clearfix\" data-tab=\"5\" role=\"tabpanel\" aria-labelledby=\"elementor-tab-title-4895\"><p><a href=\"https:\/\/www.municipiopujili.gob.ec\/pujili\/parroquia-pilalo\/\"><img loading=\"lazy\" class=\"alignnone size-medium wp-image-2648\" src=\"https:\/\/www.municipiopujili.gob.ec\/pujili\/wp-content\/uploads\/2019\/11\/Pilalo-cascadas-300x150.jpg\" alt=\"\" width=\"300\" height=\"150\" \/><\/a><\/p><\/div>\n\t\t\t\t\t\t\t\t\t<div class=\"elementor-tab-title elementor-tab-mobile-title\" data-tab=\"6\" role=\"tab\">La Victoria<\/div>\n\t\t\t\t\t<div id=\"elementor-tab-content-4896\" class=\"elementor-tab-content elementor-clearfix\" data-tab=\"6\" role=\"tabpanel\" aria-labelledby=\"elementor-tab-title-4896\"><p><a href=\"https:\/\/www.municipiopujili.gob.ec\/pujili\/parroquia-la-victoria\/\"><img loading=\"lazy\" class=\"alignnone size-medium wp-image-2247\" src=\"https:\/\/www.municipiopujili.gob.ec\/pujili\/wp-content\/uploads\/2019\/10\/La-Victoria-1-300x149.jpg\" alt=\"\" width=\"300\" height=\"149\" \/><\/a><\/p><\/div>\n\t\t\t\t\t\t\t\t\t<div class=\"elementor-tab-title elementor-tab-mobile-title\" data-tab=\"7\" role=\"tab\">El Tingo la Esperanza<\/div>\n\t\t\t\t\t<div id=\"elementor-tab-content-4897\" class=\"elementor-tab-content elementor-clearfix\" data-tab=\"7\" role=\"tabpanel\" aria-labelledby=\"elementor-tab-title-4897\"><p><a href=\"https:\/\/www.municipiopujili.gob.ec\/pujili\/parroquia-tingo-la-esperanza\/\"><img loading=\"lazy\" class=\"alignnone size-medium wp-image-2246\" src=\"https:\/\/www.municipiopujili.gob.ec\/pujili\/wp-content\/uploads\/2019\/10\/El-Tingo-1-300x149.jpg\" alt=\"\" width=\"300\" height=\"149\" \/><\/a><\/p><\/div>\n\t\t\t\t\t\t\t<\/div>\n\t\t<\/div>\n\t\t\t\t<\/div>\n\t\t\t\t<\/div>\n\t\t\t\t\t\t<\/div>\n\t\t\t<\/div>\n\t\t<\/div>\n\t\t\t\t\t\t<\/div>\n\t\t\t<\/div>\n\t\t<\/section>\n\t\t\t\t<section class=\"elementor-element elementor-element-fe182bd elementor-section-boxed elementor-section-height-default elementor-section-height-default elementor-section elementor-top-section\" data-id=\"fe182bd\" data-element_type=\"section\">\n\t\t\t\t\t\t<div class=\"elementor-container elementor-column-gap-default\">\n\t\t\t\t<div class=\"elementor-row\">\n\t\t\t\t<div class=\"elementor-element elementor-element-08700c4 elementor-column elementor-col-100 elementor-top-column\" data-id=\"08700c4\" data-element_type=\"column\">\n\t\t\t<div class=\"elementor-column-wrap  elementor-element-populated\">\n\t\t\t\t\t<div class=\"elementor-widget-wrap\">\n\t\t\t\t<div class=\"elementor-element elementor-element-d642f64 elementor-widget elementor-widget-image\" data-id=\"d642f64\" data-element_type=\"widget\" data-widget_type=\"image.default\">\n\t\t\t\t<div class=\"elementor-widget-container\">\n\t\t\t\t\t<div class=\"elementor-image\">\n\t\t\t\t\t\t\t\t\t\t<img src=\"https:\/\/www.municipiopujili.gob.ec\/pujili\/wp-content\/uploads\/2019\/10\/Pintores-de-Tigua-1.jpg\" title=\"\" alt=\"\" \/>\t\t\t\t\t\t\t\t\t\t\t<\/div>\n\t\t\t\t<\/div>\n\t\t\t\t<\/div>\n\t\t\t\t\t\t<\/div>\n\t\t\t<\/div>\n\t\t<\/div>\n\t\t\t\t\t\t<\/div>\n\t\t\t<\/div>\n\t\t<\/section>\n\t\t\t\t<section class=\"elementor-element elementor-element-e4181bc elementor-section-boxed elementor-section-height-default elementor-section-height-default elementor-section elementor-top-section\" data-id=\"e4181bc\" data-element_type=\"section\">\n\t\t\t\t\t\t<div class=\"elementor-container elementor-column-gap-default\">\n\t\t\t\t<div class=\"elementor-row\">\n\t\t\t\t<div class=\"elementor-element elementor-element-01cdbe5 elementor-column elementor-col-100 elementor-top-column\" data-id=\"01cdbe5\" data-element_type=\"column\">\n\t\t\t<div class=\"elementor-column-wrap  elementor-element-populated\">\n\t\t\t\t\t<div class=\"elementor-widget-wrap\">\n\t\t\t\t<div class=\"elementor-element elementor-element-a8aa369 elementor-widget elementor-widget-text-editor\" data-id=\"a8aa369\" data-element_type=\"widget\" data-widget_type=\"text-editor.default\">\n\t\t\t\t<div class=\"elementor-widget-container\">\n\t\t\t\t\t<div class=\"elementor-text-editor elementor-clearfix\"><h3 style=\"text-align: center;\"><span style=\"color: #050404;\"><strong>PARROQUIA GUANGAJE<\/strong><\/span><\/h3><p><span style=\"color: #050404;\">Fundada en 1861, su poblaci\u00f3n es eminentemente ind\u00edgena. Aqu\u00ed se puede apreciar paisajes de contexto andino y la pr\u00e1ctica tradicional agropecuaria que a\u00fan se conserva.<\/span><\/p><p><span style=\"color: #050404;\"><strong>\u00bfQu\u00e9 visitar?<\/strong><\/span><\/p><ul><li><span style=\"color: #050404;\"><strong>Galer\u00eda de los Pintores de Tigua.-<\/strong> Conocidos por sus coloridas pinturas en las cuales enmarcan los paisajes del p\u00e1ramo, historias, leyendas, costumbres y tradiciones de sus pueblos.<\/span><\/li><li><span style=\"color: #050404;\"><strong>Cascada de Candela Fasso.-<\/strong> Con un salto aproximado de 15m, est\u00e1 rodeado de un atractivo bosque nativo.<\/span><\/li><li><span style=\"color: #050404;\"><strong>Cuenca del Inca.-<\/strong> En el sitio se puede observar una gran variedad de flora y fauna propia del p\u00e1ramo.<\/span><\/li><\/ul><p><span style=\"color: #050404;\"><strong>\u00bfQu\u00e9 actividades realizar?<\/strong><\/span><\/p><ul><li><span style=\"color: #050404;\">Treking<\/span><\/li><li><span style=\"color: #050404;\">Fotograf\u00eda<\/span><\/li><li><span style=\"color: #050404;\">Ciclismo<\/span><\/li><li><span style=\"color: #050404;\">Compra de cuadros y m\u00e1scaras pintadas<\/span><\/li><\/ul><\/div>\n\t\t\t\t<\/div>\n\t\t\t\t<\/div>\n\t\t\t\t\t\t<\/div>\n\t\t\t<\/div>\n\t\t<\/div>\n\t\t\t\t\t\t<\/div>\n\t\t\t<\/div>\n\t\t<\/section>\n\t\t\t\t\t\t<\/div>\n\t\t\t<\/div>\n\t\t<\/div>\n\t\t ","protected":false},"excerpt":{"rendered":"<p>Guangaje Zumbahua Pujil\u00ed Angamarca Pilal\u00f3 La Victoria El Tingo la Esperanza Guangaje Zumbahua Pujil\u00ed Angamarca Pilal\u00f3 La Victoria El Tingo la Esperanza PARROQUIA GUANGAJE Fundada en 1861, su poblaci\u00f3n es eminentemente ind\u00edgena. Aqu\u00ed se puede apreciar paisajes de contexto andino y la pr\u00e1ctica tradicional agropecuaria que a\u00fan se conserva. \u00bfQu\u00e9 visitar? Galer\u00eda de los Pintores &hellip;<\/p>\n<p class=\"read-more\"> <a class=\"\" href=\"https:\/\/www.municipiopujili.gob.ec\/pujili\/parroquia-guangaje\/\"> <span class=\"screen-reader-text\">PARROQUIA GUANGAJE<\/span> Leer m\u00e1s &raquo;<\/a><\/p>\n","protected":false},"author":1,"featured_media":0,"parent":0,"menu_order":0,"comment_status":"closed","ping_status":"closed","template":"","meta":[],"uagb_featured_image_src":{"full":false,"thumbnail":false,"medium":false,"medium_large":false,"large":false,"1536x1536":false,"2048x2048":false},"uagb_author_info":{"display_name":"Gadmicp","author_link":"https:\/\/www.municipiopujili.gob.ec\/pujili\/author\/rudyzm\/"},"uagb_comment_info":0,"uagb_excerpt":"Guangaje Zumbahua Pujil\u00ed Angamarca Pilal\u00f3 La Victoria El Tingo la Esperanza Guangaje Zumbahua Pujil\u00ed Angamarca Pilal\u00f3 La Victoria El Tingo la Esperanza PARROQUIA GUANGAJE Fundada en 1861, su poblaci\u00f3n es eminentemente ind\u00edgena. Aqu\u00ed se puede apreciar paisajes de contexto andino y la pr\u00e1ctica tradicional agropecuaria que a\u00fan se conserva. \u00bfQu\u00e9 visitar? Galer\u00eda de los Pintores&hellip;","yoast_head":"<!-- This site is optimized with the Yoast SEO plugin v14.0.4 - https:\/\/yoast.com\/wordpress\/plugins\/seo\/ -->\n<title>PARROQUIA GUANGAJE - Gadmic Pujil\u00ed<\/title>\n<meta name=\"robots\" content=\"index, follow\" \/>\n<meta name=\"googlebot\" content=\"index, follow, max-snippet:-1, max-image-preview:large, max-video-preview:-1\" \/>\n<meta name=\"bingbot\" content=\"index, follow, max-snippet:-1, max-image-preview:large, max-video-preview:-1\" \/>\n<link rel=\"canonical\" href=\"https:\/\/www.municipiopujili.gob.ec\/pujili\/parroquia-guangaje\/\" \/>\n<meta property=\"og:locale\" content=\"es_ES\" \/>\n<meta property=\"og:type\" content=\"article\" \/>\n<meta property=\"og:title\" content=\"PARROQUIA GUANGAJE - Gadmic Pujil\u00ed\" \/>\n<meta property=\"og:description\" content=\"Guangaje Zumbahua Pujil\u00ed Angamarca Pilal\u00f3 La Victoria El Tingo la Esperanza Guangaje Zumbahua Pujil\u00ed Angamarca Pilal\u00f3 La Victoria El Tingo la Esperanza PARROQUIA GUANGAJE Fundada en 1861, su poblaci\u00f3n es eminentemente ind\u00edgena. Aqu\u00ed se puede apreciar paisajes de contexto andino y la pr\u00e1ctica tradicional agropecuaria que a\u00fan se conserva. \u00bfQu\u00e9 visitar? Galer\u00eda de los Pintores &hellip; PARROQUIA GUANGAJE Leer m\u00e1s &raquo;\" \/>\n<meta property=\"og:url\" content=\"https:\/\/www.municipiopujili.gob.ec\/pujili\/parroquia-guangaje\/\" \/>\n<meta property=\"og:site_name\" content=\"Gadmic Pujil\u00ed\" \/>\n<meta property=\"article:modified_time\" content=\"2020-10-15T01:18:57+00:00\" \/>\n<meta property=\"og:image\" content=\"https:\/\/www.municipiopujili.gob.ec\/pujili\/wp-content\/uploads\/2019\/10\/Pintores-de-Tigua-1-300x148.jpg\" \/>\n<meta name=\"twitter:card\" content=\"summary_large_image\" \/>\n<script type=\"application\/ld+json\" class=\"yoast-schema-graph\">{\"@context\":\"https:\/\/schema.org\",\"@graph\":[{\"@type\":\"WebSite\",\"@id\":\"https:\/\/www.municipiopujili.gob.ec\/pujili\/#website\",\"url\":\"https:\/\/www.municipiopujili.gob.ec\/pujili\/\",\"name\":\"Gadmic Pujil\\u00ed\",\"description\":\"Cant\\u00f3n Pujil\\u00ed\",\"potentialAction\":[{\"@type\":\"SearchAction\",\"target\":\"https:\/\/www.municipiopujili.gob.ec\/pujili\/?s={search_term_string}\",\"query-input\":\"required name=search_term_string\"}],\"inLanguage\":\"es\"},{\"@type\":\"ImageObject\",\"@id\":\"https:\/\/www.municipiopujili.gob.ec\/pujili\/parroquia-guangaje\/#primaryimage\",\"inLanguage\":\"es\",\"url\":\"https:\/\/www.municipiopujili.gob.ec\/pujili\/wp-content\/uploads\/2019\/10\/Pintores-de-Tigua-1-300x148.jpg\"},{\"@type\":\"WebPage\",\"@id\":\"https:\/\/www.municipiopujili.gob.ec\/pujili\/parroquia-guangaje\/#webpage\",\"url\":\"https:\/\/www.municipiopujili.gob.ec\/pujili\/parroquia-guangaje\/\",\"name\":\"PARROQUIA GUANGAJE - Gadmic Pujil\\u00ed\",\"isPartOf\":{\"@id\":\"https:\/\/www.municipiopujili.gob.ec\/pujili\/#website\"},\"primaryImageOfPage\":{\"@id\":\"https:\/\/www.municipiopujili.gob.ec\/pujili\/parroquia-guangaje\/#primaryimage\"},\"datePublished\":\"2019-11-06T20:46:05+00:00\",\"dateModified\":\"2020-10-15T01:18:57+00:00\",\"inLanguage\":\"es\",\"potentialAction\":[{\"@type\":\"ReadAction\",\"target\":[\"https:\/\/www.municipiopujili.gob.ec\/pujili\/parroquia-guangaje\/\"]}]}]}<\/script>\n<!-- \/ Yoast SEO plugin. -->","_links":{"self":[{"href":"https:\/\/www.municipiopujili.gob.ec\/pujili\/wp-json\/wp\/v2\/pages\/2410"}],"collection":[{"href":"https:\/\/www.municipiopujili.gob.ec\/pujili\/wp-json\/wp\/v2\/pages"}],"about":[{"href":"https:\/\/www.municipiopujili.gob.ec\/pujili\/wp-json\/wp\/v2\/types\/page"}],"author":[{"embeddable":true,"href":"https:\/\/www.municipiopujili.gob.ec\/pujili\/wp-json\/wp\/v2\/users\/1"}],"replies":[{"embeddable":true,"href":"https:\/\/www.municipiopujili.gob.ec\/pujili\/wp-json\/wp\/v2\/comments?post=2410"}],"version-history":[{"count":9,"href":"https:\/\/www.municipiopujili.gob.ec\/pujili\/wp-json\/wp\/v2\/pages\/2410\/revisions"}],"predecessor-version":[{"id":4677,"href":"https:\/\/www.municipiopujili.gob.ec\/pujili\/wp-json\/wp\/v2\/pages\/2410\/revisions\/4677"}],"wp:attachment":[{"href":"https:\/\/www.municipiopujili.gob.ec\/pujili\/wp-json\/wp\/v2\/media?parent=2410"}],"curies":[{"name":"wp","href":"https:\/\/api.w.org\/{rel}","templated":true}]}}