{"id":5311,"date":"2021-02-21T04:34:12","date_gmt":"2021-02-21T04:34:12","guid":{"rendered":"https:\/\/www.municipiopujili.gob.ec\/pujili\/?page_id=5311"},"modified":"2021-10-28T14:21:34","modified_gmt":"2021-10-28T14:21:34","slug":"ordenanzas-ano-2021","status":"publish","type":"page","link":"https:\/\/www.municipiopujili.gob.ec\/pujili\/ordenanzas-ano-2021\/","title":{"rendered":"Ordenanzas a\u00f1o 2021"},"content":{"rendered":"\t\t<div data-elementor-type=\"wp-page\" data-elementor-id=\"5311\" class=\"elementor elementor-5311\" data-elementor-settings=\"[]\">\n\t\t\t<div class=\"elementor-inner\">\n\t\t\t\t<div class=\"elementor-section-wrap\">\n\t\t\t\t\t\t\t<section class=\"elementor-element elementor-element-7b01dfa elementor-section-boxed elementor-section-height-default elementor-section-height-default elementor-invisible elementor-section elementor-top-section\" data-id=\"7b01dfa\" data-element_type=\"section\" data-settings=\"{&quot;animation&quot;:&quot;fadeIn&quot;}\">\n\t\t\t\t\t\t<div class=\"elementor-container elementor-column-gap-default\">\n\t\t\t\t<div class=\"elementor-row\">\n\t\t\t\t<div class=\"elementor-element elementor-element-214d871 elementor-column elementor-col-100 elementor-top-column\" data-id=\"214d871\" data-element_type=\"column\">\n\t\t\t<div class=\"elementor-column-wrap  elementor-element-populated\">\n\t\t\t\t\t<div class=\"elementor-widget-wrap\">\n\t\t\t\t<div class=\"elementor-element elementor-element-f21ac35 elementor-widget elementor-widget-text-editor\" data-id=\"f21ac35\" data-element_type=\"widget\" data-widget_type=\"text-editor.default\">\n\t\t\t\t<div class=\"elementor-widget-container\">\n\t\t\t\t\t<div class=\"elementor-text-editor elementor-clearfix\"><h2 style=\"text-align: center;\">Ordenanzas a\u00f1o 2021<\/h2><\/div>\n\t\t\t\t<\/div>\n\t\t\t\t<\/div>\n\t\t\t\t\t\t<\/div>\n\t\t\t<\/div>\n\t\t<\/div>\n\t\t\t\t\t\t<\/div>\n\t\t\t<\/div>\n\t\t<\/section>\n\t\t\t\t<section class=\"elementor-element elementor-element-bf355ba elementor-section-boxed elementor-section-height-default elementor-section-height-default elementor-section elementor-top-section\" data-id=\"bf355ba\" data-element_type=\"section\">\n\t\t\t\t\t\t<div class=\"elementor-container elementor-column-gap-default\">\n\t\t\t\t<div class=\"elementor-row\">\n\t\t\t\t<div class=\"elementor-element elementor-element-b2d6cd6 elementor-column elementor-col-100 elementor-top-column\" data-id=\"b2d6cd6\" data-element_type=\"column\">\n\t\t\t<div class=\"elementor-column-wrap  elementor-element-populated\">\n\t\t\t\t\t<div class=\"elementor-widget-wrap\">\n\t\t\t\t<div class=\"elementor-element elementor-element-12b4e23 elementor-widget elementor-widget-accordion\" data-id=\"12b4e23\" data-element_type=\"widget\" data-widget_type=\"accordion.default\">\n\t\t\t\t<div class=\"elementor-widget-container\">\n\t\t\t\t\t<div class=\"elementor-accordion\" role=\"tablist\">\n\t\t\t\t\t\t\t<div class=\"elementor-accordion-item\">\n\t\t\t\t\t<div id=\"elementor-tab-title-1961\" class=\"elementor-tab-title\" data-tab=\"1\" role=\"tab\" aria-controls=\"elementor-tab-content-1961\">\n\t\t\t\t\t\t\t\t\t\t\t\t\t<span class=\"elementor-accordion-icon elementor-accordion-icon-left\" aria-hidden=\"true\">\n\t\t\t\t\t\t\t\t\t\t\t\t\t\t\t<span class=\"elementor-accordion-icon-closed\"><i class=\"fas fa-plus\"><\/i><\/span>\n\t\t\t\t\t\t\t\t<span class=\"elementor-accordion-icon-opened\"><i class=\"fas fa-minus\"><\/i><\/span>\n\t\t\t\t\t\t\t\t\t\t\t\t\t\t<\/span>\n\t\t\t\t\t\t\t\t\t\t\t\t<a class=\"elementor-accordion-title\" href=\"\">1.- ORDENZA DE PREVENCION Y ERRADICACION DE LA VIOLENCIA CONTRA LA MUJER 2<\/a>\n\t\t\t\t\t<\/div>\n\t\t\t\t\t<div id=\"elementor-tab-content-1961\" class=\"elementor-tab-content elementor-clearfix\" data-tab=\"1\" role=\"tabpanel\" aria-labelledby=\"elementor-tab-title-1961\"><a href=\"https:\/\/www.municipiopujili.gob.ec\/pujili\/wp-content\/uploads\/2021\/02\/ORDENZA-DE-PREVENCION-Y-ERRADICACION-DE-LA-VIOLENCIA-CONTRA-LA-MUJER-2.pdf\" target=\"_blank\" rel=\"noopener\">Ver&#8230;<\/a><\/div>\n\t\t\t\t<\/div>\n\t\t\t\t\t\t\t<div class=\"elementor-accordion-item\">\n\t\t\t\t\t<div id=\"elementor-tab-title-1962\" class=\"elementor-tab-title\" data-tab=\"2\" role=\"tab\" aria-controls=\"elementor-tab-content-1962\">\n\t\t\t\t\t\t\t\t\t\t\t\t\t<span class=\"elementor-accordion-icon elementor-accordion-icon-left\" aria-hidden=\"true\">\n\t\t\t\t\t\t\t\t\t\t\t\t\t\t\t<span class=\"elementor-accordion-icon-closed\"><i class=\"fas fa-plus\"><\/i><\/span>\n\t\t\t\t\t\t\t\t<span class=\"elementor-accordion-icon-opened\"><i class=\"fas fa-minus\"><\/i><\/span>\n\t\t\t\t\t\t\t\t\t\t\t\t\t\t<\/span>\n\t\t\t\t\t\t\t\t\t\t\t\t<a class=\"elementor-accordion-title\" href=\"\">2.-ORDENANZA DE PATENTE MUNICIPAL<\/a>\n\t\t\t\t\t<\/div>\n\t\t\t\t\t<div id=\"elementor-tab-content-1962\" class=\"elementor-tab-content elementor-clearfix\" data-tab=\"2\" role=\"tabpanel\" aria-labelledby=\"elementor-tab-title-1962\"><a href=\"https:\/\/www.municipiopujili.gob.ec\/pujili\/wp-content\/uploads\/2021\/03\/Ordenanza-de-Patente-Municipal.pdf\" target=\"_blank\" rel=\"noopener\">Ver m\u00e1s&#8230;<\/a><\/div>\n\t\t\t\t<\/div>\n\t\t\t\t\t\t\t<div class=\"elementor-accordion-item\">\n\t\t\t\t\t<div id=\"elementor-tab-title-1963\" class=\"elementor-tab-title\" data-tab=\"3\" role=\"tab\" aria-controls=\"elementor-tab-content-1963\">\n\t\t\t\t\t\t\t\t\t\t\t\t\t<span class=\"elementor-accordion-icon elementor-accordion-icon-left\" aria-hidden=\"true\">\n\t\t\t\t\t\t\t\t\t\t\t\t\t\t\t<span class=\"elementor-accordion-icon-closed\"><i class=\"fas fa-plus\"><\/i><\/span>\n\t\t\t\t\t\t\t\t<span class=\"elementor-accordion-icon-opened\"><i class=\"fas fa-minus\"><\/i><\/span>\n\t\t\t\t\t\t\t\t\t\t\t\t\t\t<\/span>\n\t\t\t\t\t\t\t\t\t\t\t\t<a class=\"elementor-accordion-title\" href=\"\">3.-ORDENANZA REFORMATORIA DE BIOSEGURIDAD<\/a>\n\t\t\t\t\t<\/div>\n\t\t\t\t\t<div id=\"elementor-tab-content-1963\" class=\"elementor-tab-content elementor-clearfix\" data-tab=\"3\" role=\"tabpanel\" aria-labelledby=\"elementor-tab-title-1963\"><a href=\"https:\/\/www.municipiopujili.gob.ec\/pujili\/wp-content\/uploads\/2021\/03\/Ordenanza-Reformatoria-de-Bioseguridad000.pdf\" target=\"_blank\" rel=\"noopener\">Ver m\u00e1s&#8230;<\/a><\/div>\n\t\t\t\t<\/div>\n\t\t\t\t\t\t\t<div class=\"elementor-accordion-item\">\n\t\t\t\t\t<div id=\"elementor-tab-title-1964\" class=\"elementor-tab-title\" data-tab=\"4\" role=\"tab\" aria-controls=\"elementor-tab-content-1964\">\n\t\t\t\t\t\t\t\t\t\t\t\t\t<span class=\"elementor-accordion-icon elementor-accordion-icon-left\" aria-hidden=\"true\">\n\t\t\t\t\t\t\t\t\t\t\t\t\t\t\t<span class=\"elementor-accordion-icon-closed\"><i class=\"fas fa-plus\"><\/i><\/span>\n\t\t\t\t\t\t\t\t<span class=\"elementor-accordion-icon-opened\"><i class=\"fas fa-minus\"><\/i><\/span>\n\t\t\t\t\t\t\t\t\t\t\t\t\t\t<\/span>\n\t\t\t\t\t\t\t\t\t\t\t\t<a class=\"elementor-accordion-title\" href=\"\">4.-LA CUARTA REFORMA A LA ORDENANZA REFORMATORIA DEL SISTEMA DE CLASIFICACI\u00d3N DE PUESTOS Y REGIMEN DE REMUNERACIONES<\/a>\n\t\t\t\t\t<\/div>\n\t\t\t\t\t<div id=\"elementor-tab-content-1964\" class=\"elementor-tab-content elementor-clearfix\" data-tab=\"4\" role=\"tabpanel\" aria-labelledby=\"elementor-tab-title-1964\"><p><a href=\"https:\/\/www.municipiopujili.gob.ec\/pujili\/wp-content\/uploads\/2021\/05\/LA-CUARTA-REFORMA-A-LA-ORDENANZA-REFORMATORIA-DEL-SISTEMA-DE-CLASIFICACION-DE-PUESTOS-Y-REGIMEN-DE-REMUNERACIONES.pdf\" target=\"_blank\" rel=\"noopener\">Ver m\u00e1s&#8230;<\/a><\/p><\/div>\n\t\t\t\t<\/div>\n\t\t\t\t\t\t\t<div class=\"elementor-accordion-item\">\n\t\t\t\t\t<div id=\"elementor-tab-title-1965\" class=\"elementor-tab-title\" data-tab=\"5\" role=\"tab\" aria-controls=\"elementor-tab-content-1965\">\n\t\t\t\t\t\t\t\t\t\t\t\t\t<span class=\"elementor-accordion-icon elementor-accordion-icon-left\" aria-hidden=\"true\">\n\t\t\t\t\t\t\t\t\t\t\t\t\t\t\t<span class=\"elementor-accordion-icon-closed\"><i class=\"fas fa-plus\"><\/i><\/span>\n\t\t\t\t\t\t\t\t<span class=\"elementor-accordion-icon-opened\"><i class=\"fas fa-minus\"><\/i><\/span>\n\t\t\t\t\t\t\t\t\t\t\t\t\t\t<\/span>\n\t\t\t\t\t\t\t\t\t\t\t\t<a class=\"elementor-accordion-title\" href=\"\">5.-LA ORDENANZA DE PREVENCI\u00d3N Y ERRADICACI\u00d3N DE LA VIOLENCIA CONTRA LAS MUJERES EN EL CANT\u00d3N PUJIL\u00cd<\/a>\n\t\t\t\t\t<\/div>\n\t\t\t\t\t<div id=\"elementor-tab-content-1965\" class=\"elementor-tab-content elementor-clearfix\" data-tab=\"5\" role=\"tabpanel\" aria-labelledby=\"elementor-tab-title-1965\"><a href=\"https:\/\/www.municipiopujili.gob.ec\/pujili\/wp-content\/uploads\/2021\/05\/LA-ORDENANZA-DE-PREVENCION-Y-ERRADICACION-DE-LA-VIOLENCIA-CONTRA-LAS-MUJERES-EN-EL-CANTON-PUJILI.pdf\" target=\"_blank\" rel=\"noopener\">Ver m\u00e1s&#8230;<\/a><\/div>\n\t\t\t\t<\/div>\n\t\t\t\t\t\t\t<div class=\"elementor-accordion-item\">\n\t\t\t\t\t<div id=\"elementor-tab-title-1966\" class=\"elementor-tab-title\" data-tab=\"6\" role=\"tab\" aria-controls=\"elementor-tab-content-1966\">\n\t\t\t\t\t\t\t\t\t\t\t\t\t<span class=\"elementor-accordion-icon elementor-accordion-icon-left\" aria-hidden=\"true\">\n\t\t\t\t\t\t\t\t\t\t\t\t\t\t\t<span class=\"elementor-accordion-icon-closed\"><i class=\"fas fa-plus\"><\/i><\/span>\n\t\t\t\t\t\t\t\t<span class=\"elementor-accordion-icon-opened\"><i class=\"fas fa-minus\"><\/i><\/span>\n\t\t\t\t\t\t\t\t\t\t\t\t\t\t<\/span>\n\t\t\t\t\t\t\t\t\t\t\t\t<a class=\"elementor-accordion-title\" href=\"\">6.-LA TERCERA REFORMA A LA ORDENANZA SUSTITUTIVA QUE REGULA LA ADMINISTRACION Y FUNCIONAMIENTO DE CEMENTERIOS Y SERVICIOS FUNERARIOS DEL CANT\u00d3N PUJIL\u00cd<\/a>\n\t\t\t\t\t<\/div>\n\t\t\t\t\t<div id=\"elementor-tab-content-1966\" class=\"elementor-tab-content elementor-clearfix\" data-tab=\"6\" role=\"tabpanel\" aria-labelledby=\"elementor-tab-title-1966\"><a href=\"https:\/\/www.municipiopujili.gob.ec\/pujili\/wp-content\/uploads\/2021\/05\/LA-TERCERA-REFORMA-A-LA-ORDENANZA-SUSTITUTIVA-QUE-REGULA-LA-ADMINISTRACION-Y-FUNCIONAMIENTO-DE-CEMENTERIOS-Y-SERVICIOS-FUNERARIOS-DEL-CANTON-PUJILI.pdf\" target=\"_blank\" rel=\"noopener\">Ver m\u00e1s&#8230;<\/a><\/div>\n\t\t\t\t<\/div>\n\t\t\t\t\t\t\t<div class=\"elementor-accordion-item\">\n\t\t\t\t\t<div id=\"elementor-tab-title-1967\" class=\"elementor-tab-title\" data-tab=\"7\" role=\"tab\" aria-controls=\"elementor-tab-content-1967\">\n\t\t\t\t\t\t\t\t\t\t\t\t\t<span class=\"elementor-accordion-icon elementor-accordion-icon-left\" aria-hidden=\"true\">\n\t\t\t\t\t\t\t\t\t\t\t\t\t\t\t<span class=\"elementor-accordion-icon-closed\"><i class=\"fas fa-plus\"><\/i><\/span>\n\t\t\t\t\t\t\t\t<span class=\"elementor-accordion-icon-opened\"><i class=\"fas fa-minus\"><\/i><\/span>\n\t\t\t\t\t\t\t\t\t\t\t\t\t\t<\/span>\n\t\t\t\t\t\t\t\t\t\t\t\t<a class=\"elementor-accordion-title\" href=\"\">7.-OFICIO 199-GADMICP-SG-2021 ORDENANZAS<\/a>\n\t\t\t\t\t<\/div>\n\t\t\t\t\t<div id=\"elementor-tab-content-1967\" class=\"elementor-tab-content elementor-clearfix\" data-tab=\"7\" role=\"tabpanel\" aria-labelledby=\"elementor-tab-title-1967\"><a href=\"https:\/\/www.municipiopujili.gob.ec\/pujili\/wp-content\/uploads\/2021\/05\/OFICIO-199-GADMICP-SG-2021-ORDENANZAS.pdf\" target=\"_blank\" rel=\"noopener\">Ver m\u00e1s&#8230;<\/a><\/div>\n\t\t\t\t<\/div>\n\t\t\t\t\t\t\t<div class=\"elementor-accordion-item\">\n\t\t\t\t\t<div id=\"elementor-tab-title-1968\" class=\"elementor-tab-title\" data-tab=\"8\" role=\"tab\" aria-controls=\"elementor-tab-content-1968\">\n\t\t\t\t\t\t\t\t\t\t\t\t\t<span class=\"elementor-accordion-icon elementor-accordion-icon-left\" aria-hidden=\"true\">\n\t\t\t\t\t\t\t\t\t\t\t\t\t\t\t<span class=\"elementor-accordion-icon-closed\"><i class=\"fas fa-plus\"><\/i><\/span>\n\t\t\t\t\t\t\t\t<span class=\"elementor-accordion-icon-opened\"><i class=\"fas fa-minus\"><\/i><\/span>\n\t\t\t\t\t\t\t\t\t\t\t\t\t\t<\/span>\n\t\t\t\t\t\t\t\t\t\t\t\t<a class=\"elementor-accordion-title\" href=\"\">8.-ORDENANZA QUE CREA Y REGULA EL CONSEJO DE SEGURIDAD CIUDADANA EN EL CANT\u00d3N PUJIL\u00cd<\/a>\n\t\t\t\t\t<\/div>\n\t\t\t\t\t<div id=\"elementor-tab-content-1968\" class=\"elementor-tab-content elementor-clearfix\" data-tab=\"8\" role=\"tabpanel\" aria-labelledby=\"elementor-tab-title-1968\"><a href=\"https:\/\/www.municipiopujili.gob.ec\/pujili\/wp-content\/uploads\/2021\/05\/ORDENANZA-QUE-CREA-Y-REGULA-EL-CONSEJO-DE-SEGURIDAD-CIUDADANA-EN-EL-CANTON-PUJILI.pdf\" target=\"_blank\" rel=\"noopener\">Ver m\u00e1s&#8230;<\/a><\/div>\n\t\t\t\t<\/div>\n\t\t\t\t\t\t\t<div class=\"elementor-accordion-item\">\n\t\t\t\t\t<div id=\"elementor-tab-title-1969\" class=\"elementor-tab-title\" data-tab=\"9\" role=\"tab\" aria-controls=\"elementor-tab-content-1969\">\n\t\t\t\t\t\t\t\t\t\t\t\t\t<span class=\"elementor-accordion-icon elementor-accordion-icon-left\" aria-hidden=\"true\">\n\t\t\t\t\t\t\t\t\t\t\t\t\t\t\t<span class=\"elementor-accordion-icon-closed\"><i class=\"fas fa-plus\"><\/i><\/span>\n\t\t\t\t\t\t\t\t<span class=\"elementor-accordion-icon-opened\"><i class=\"fas fa-minus\"><\/i><\/span>\n\t\t\t\t\t\t\t\t\t\t\t\t\t\t<\/span>\n\t\t\t\t\t\t\t\t\t\t\t\t<a class=\"elementor-accordion-title\" href=\"\">9.-ORDENANZA REFORMATORIA A LA ORDENANZA QUE REGULA EL USO Y UTILIZACI\u00d3N OBLIGATORIA DE NORMAS DE BIOSEGURIDAD E INCENTIVOS TRIBUTARIOS POR SU CUMPLIMIENTO DENTRO DEL CANT\u00d3N PUJIL\u00cd<\/a>\n\t\t\t\t\t<\/div>\n\t\t\t\t\t<div id=\"elementor-tab-content-1969\" class=\"elementor-tab-content elementor-clearfix\" data-tab=\"9\" role=\"tabpanel\" aria-labelledby=\"elementor-tab-title-1969\"><a href=\"https:\/\/www.municipiopujili.gob.ec\/pujili\/wp-content\/uploads\/2021\/05\/ORDENANZA-REFORMATORIA-A-LA-ORDENANZA-QUE-REGULA-EL-USO-Y-UTILIZACION-OBLIGATORIA-DE-NORMAS-DE-BIOSEGURIDAD-E-INCENTIVOS-TRIBUTARIOS-POR-SU-CUMPLIMIENTO-DENTRO-DEL-CANTON-PUJILI.pdf\" target=\"_blank\" rel=\"noopener\">Ver m\u00e1s&#8230;<\/a><\/div>\n\t\t\t\t<\/div>\n\t\t\t\t\t\t\t<div class=\"elementor-accordion-item\">\n\t\t\t\t\t<div id=\"elementor-tab-title-19610\" class=\"elementor-tab-title\" data-tab=\"10\" role=\"tab\" aria-controls=\"elementor-tab-content-19610\">\n\t\t\t\t\t\t\t\t\t\t\t\t\t<span class=\"elementor-accordion-icon elementor-accordion-icon-left\" aria-hidden=\"true\">\n\t\t\t\t\t\t\t\t\t\t\t\t\t\t\t<span class=\"elementor-accordion-icon-closed\"><i class=\"fas fa-plus\"><\/i><\/span>\n\t\t\t\t\t\t\t\t<span class=\"elementor-accordion-icon-opened\"><i class=\"fas fa-minus\"><\/i><\/span>\n\t\t\t\t\t\t\t\t\t\t\t\t\t\t<\/span>\n\t\t\t\t\t\t\t\t\t\t\t\t<a class=\"elementor-accordion-title\" href=\"\">10.-ORDENANZA DEROGATORIA A LA ORDENANZA QUE REGULA EL PLAN PARCIAL DEL BARRIO PATOA DE IZURIETA, DE LA PARROQUIA PUJIL\u00cd, CANT\u00d3N PUJIL\u00cd<\/a>\n\t\t\t\t\t<\/div>\n\t\t\t\t\t<div id=\"elementor-tab-content-19610\" class=\"elementor-tab-content elementor-clearfix\" data-tab=\"10\" role=\"tabpanel\" aria-labelledby=\"elementor-tab-title-19610\"><a href=\"https:\/\/www.municipiopujili.gob.ec\/pujili\/wp-content\/uploads\/2021\/06\/ORDENANZA-DEROGATORIA-A-LA-ORDENANZA-QUE-REGULA-EL-PLAN-PARCIAL-DEL-BARRIO-PATOA-DE-IZURIETA-DE-LA-PARROQUIA-PUJILI-CANTON-PUJILI-signed-signed-signed-signed-signed-signed.pdf\" target=\"_blank\" rel=\"noopener\">Ver m\u00e1s&#8230;<\/a><\/div>\n\t\t\t\t<\/div>\n\t\t\t\t\t\t\t<div class=\"elementor-accordion-item\">\n\t\t\t\t\t<div id=\"elementor-tab-title-19611\" class=\"elementor-tab-title\" data-tab=\"11\" role=\"tab\" aria-controls=\"elementor-tab-content-19611\">\n\t\t\t\t\t\t\t\t\t\t\t\t\t<span class=\"elementor-accordion-icon elementor-accordion-icon-left\" aria-hidden=\"true\">\n\t\t\t\t\t\t\t\t\t\t\t\t\t\t\t<span class=\"elementor-accordion-icon-closed\"><i class=\"fas fa-plus\"><\/i><\/span>\n\t\t\t\t\t\t\t\t<span class=\"elementor-accordion-icon-opened\"><i class=\"fas fa-minus\"><\/i><\/span>\n\t\t\t\t\t\t\t\t\t\t\t\t\t\t<\/span>\n\t\t\t\t\t\t\t\t\t\t\t\t<a class=\"elementor-accordion-title\" href=\"\">11.-ORDENANZA DEROGATORIA<\/a>\n\t\t\t\t\t<\/div>\n\t\t\t\t\t<div id=\"elementor-tab-content-19611\" class=\"elementor-tab-content elementor-clearfix\" data-tab=\"11\" role=\"tabpanel\" aria-labelledby=\"elementor-tab-title-19611\"><a href=\"https:\/\/www.municipiopujili.gob.ec\/pujili\/wp-content\/uploads\/2021\/06\/ORDENANZA-DEROGATORIA.pdf\" target=\"_blank\" rel=\"noopener\">Ver m\u00e1s&#8230;<\/a><\/div>\n\t\t\t\t<\/div>\n\t\t\t\t\t\t\t<div class=\"elementor-accordion-item\">\n\t\t\t\t\t<div id=\"elementor-tab-title-19612\" class=\"elementor-tab-title\" data-tab=\"12\" role=\"tab\" aria-controls=\"elementor-tab-content-19612\">\n\t\t\t\t\t\t\t\t\t\t\t\t\t<span class=\"elementor-accordion-icon elementor-accordion-icon-left\" aria-hidden=\"true\">\n\t\t\t\t\t\t\t\t\t\t\t\t\t\t\t<span class=\"elementor-accordion-icon-closed\"><i class=\"fas fa-plus\"><\/i><\/span>\n\t\t\t\t\t\t\t\t<span class=\"elementor-accordion-icon-opened\"><i class=\"fas fa-minus\"><\/i><\/span>\n\t\t\t\t\t\t\t\t\t\t\t\t\t\t<\/span>\n\t\t\t\t\t\t\t\t\t\t\t\t<a class=\"elementor-accordion-title\" href=\"\">12.- LA ORDENANZA SUSTITUTIVA QUE REGULA EL FUNCIONAMIENTO Y OCUPACION DE LAS PLAZAS MERCADOS FERIAS LIBRES Y OCUPACION DE LA VIA PUBLICA DE LA CIUDAD DE PUJILI<\/a>\n\t\t\t\t\t<\/div>\n\t\t\t\t\t<div id=\"elementor-tab-content-19612\" class=\"elementor-tab-content elementor-clearfix\" data-tab=\"12\" role=\"tabpanel\" aria-labelledby=\"elementor-tab-title-19612\"><a href=\"https:\/\/www.municipiopujili.gob.ec\/pujili\/wp-content\/uploads\/2021\/09\/LA-ORDENANZA-SUSTITUTIVA-QUE-REGULA-EL-FUNCIONAMIENTO-Y-OCUPACION-DE-LAS-PLAZAS-MERCADOS-FERIAS-LIBRES-Y-OCUPACION-DE-LA-VIA-PUBLICA-DE-LA-CIUDAD-DE-PUJILI.pdf\" target=\"_blank\" rel=\"noopener\">Ver m\u00e1s&#8230;<\/a><\/div>\n\t\t\t\t<\/div>\n\t\t\t\t\t\t\t<div class=\"elementor-accordion-item\">\n\t\t\t\t\t<div id=\"elementor-tab-title-19613\" class=\"elementor-tab-title\" data-tab=\"13\" role=\"tab\" aria-controls=\"elementor-tab-content-19613\">\n\t\t\t\t\t\t\t\t\t\t\t\t\t<span class=\"elementor-accordion-icon elementor-accordion-icon-left\" aria-hidden=\"true\">\n\t\t\t\t\t\t\t\t\t\t\t\t\t\t\t<span class=\"elementor-accordion-icon-closed\"><i class=\"fas fa-plus\"><\/i><\/span>\n\t\t\t\t\t\t\t\t<span class=\"elementor-accordion-icon-opened\"><i class=\"fas fa-minus\"><\/i><\/span>\n\t\t\t\t\t\t\t\t\t\t\t\t\t\t<\/span>\n\t\t\t\t\t\t\t\t\t\t\t\t<a class=\"elementor-accordion-title\" href=\"\">13.- LA ORDENANZA DEL PLAN DE DESARROLLO Y  ORDENAMIENTO TERRITORIAL 2021 - 2026 Y EL  PLAN DE USO Y GESTI\u00d3N DE SUELO PARA EL  CANT\u00d3N PUJILI. <\/a>\n\t\t\t\t\t<\/div>\n\t\t\t\t\t<div id=\"elementor-tab-content-19613\" class=\"elementor-tab-content elementor-clearfix\" data-tab=\"13\" role=\"tabpanel\" aria-labelledby=\"elementor-tab-title-19613\"><a href=\"https:\/\/www.municipiopujili.gob.ec\/pujili\/wp-content\/uploads\/2021\/10\/LA-ORDENANZA-DEL-PDYOT-2021-2026-CANTON-PUJILI.-signed-signed-signed-signed-signed-signed.pdf\" target=\"_blank\" rel=\"noopener\">Ver m\u00e1s&#8230;<\/a><\/div>\n\t\t\t\t<\/div>\n\t\t\t\t\t<\/div>\n\t\t\t\t<\/div>\n\t\t\t\t<\/div>\n\t\t\t\t\t\t<\/div>\n\t\t\t<\/div>\n\t\t<\/div>\n\t\t\t\t\t\t<\/div>\n\t\t\t<\/div>\n\t\t<\/section>\n\t\t\t\t\t\t<\/div>\n\t\t\t<\/div>\n\t\t<\/div>\n\t\t ","protected":false},"excerpt":{"rendered":"<p>Ordenanzas a\u00f1o 2021 1.- ORDENZA DE PREVENCION Y ERRADICACION DE LA VIOLENCIA CONTRA LA MUJER 2 Ver&#8230; 2.-ORDENANZA DE PATENTE MUNICIPAL Ver m\u00e1s&#8230; 3.-ORDENANZA REFORMATORIA DE BIOSEGURIDAD Ver m\u00e1s&#8230; 4.-LA CUARTA REFORMA A LA ORDENANZA REFORMATORIA DEL SISTEMA DE CLASIFICACI\u00d3N DE PUESTOS Y REGIMEN DE REMUNERACIONES Ver m\u00e1s&#8230; 5.-LA ORDENANZA DE PREVENCI\u00d3N Y ERRADICACI\u00d3N DE &hellip;<\/p>\n<p class=\"read-more\"> <a class=\"\" href=\"https:\/\/www.municipiopujili.gob.ec\/pujili\/ordenanzas-ano-2021\/\"> <span class=\"screen-reader-text\">Ordenanzas a\u00f1o 2021<\/span> Leer m\u00e1s &raquo;<\/a><\/p>\n","protected":false},"author":1,"featured_media":0,"parent":0,"menu_order":0,"comment_status":"closed","ping_status":"closed","template":"","meta":[],"uagb_featured_image_src":{"full":false,"thumbnail":false,"medium":false,"medium_large":false,"large":false,"1536x1536":false,"2048x2048":false},"uagb_author_info":{"display_name":"Gadmicp","author_link":"https:\/\/www.municipiopujili.gob.ec\/pujili\/author\/rudyzm\/"},"uagb_comment_info":0,"uagb_excerpt":"Ordenanzas a\u00f1o 2021 1.- ORDENZA DE PREVENCION Y ERRADICACION DE LA VIOLENCIA CONTRA LA MUJER 2 Ver&#8230; 2.-ORDENANZA DE PATENTE MUNICIPAL Ver m\u00e1s&#8230; 3.-ORDENANZA REFORMATORIA DE BIOSEGURIDAD Ver m\u00e1s&#8230; 4.-LA CUARTA REFORMA A LA ORDENANZA REFORMATORIA DEL SISTEMA DE CLASIFICACI\u00d3N DE PUESTOS Y REGIMEN DE REMUNERACIONES Ver m\u00e1s&#8230; 5.-LA ORDENANZA DE PREVENCI\u00d3N Y ERRADICACI\u00d3N DE&hellip;","yoast_head":"<!-- This site is optimized with the Yoast SEO plugin v14.0.4 - https:\/\/yoast.com\/wordpress\/plugins\/seo\/ -->\n<title>Ordenanzas a\u00f1o 2021 - Gadmic Pujil\u00ed<\/title>\n<meta name=\"robots\" content=\"index, follow\" \/>\n<meta name=\"googlebot\" content=\"index, follow, max-snippet:-1, max-image-preview:large, max-video-preview:-1\" \/>\n<meta name=\"bingbot\" content=\"index, follow, max-snippet:-1, max-image-preview:large, max-video-preview:-1\" \/>\n<link rel=\"canonical\" href=\"https:\/\/www.municipiopujili.gob.ec\/pujili\/ordenanzas-ano-2021\/\" \/>\n<meta property=\"og:locale\" content=\"es_ES\" \/>\n<meta property=\"og:type\" content=\"article\" \/>\n<meta property=\"og:title\" content=\"Ordenanzas a\u00f1o 2021 - Gadmic Pujil\u00ed\" \/>\n<meta property=\"og:description\" content=\"Ordenanzas a\u00f1o 2021 1.- ORDENZA DE PREVENCION Y ERRADICACION DE LA VIOLENCIA CONTRA LA MUJER 2 Ver&#8230; 2.-ORDENANZA DE PATENTE MUNICIPAL Ver m\u00e1s&#8230; 3.-ORDENANZA REFORMATORIA DE BIOSEGURIDAD Ver m\u00e1s&#8230; 4.-LA CUARTA REFORMA A LA ORDENANZA REFORMATORIA DEL SISTEMA DE CLASIFICACI\u00d3N DE PUESTOS Y REGIMEN DE REMUNERACIONES Ver m\u00e1s&#8230; 5.-LA ORDENANZA DE PREVENCI\u00d3N Y ERRADICACI\u00d3N DE &hellip; Ordenanzas a\u00f1o 2021 Leer m\u00e1s &raquo;\" \/>\n<meta property=\"og:url\" content=\"https:\/\/www.municipiopujili.gob.ec\/pujili\/ordenanzas-ano-2021\/\" \/>\n<meta property=\"og:site_name\" content=\"Gadmic Pujil\u00ed\" \/>\n<meta property=\"article:modified_time\" content=\"2021-10-28T14:21:34+00:00\" \/>\n<meta name=\"twitter:card\" content=\"summary_large_image\" \/>\n<script type=\"application\/ld+json\" class=\"yoast-schema-graph\">{\"@context\":\"https:\/\/schema.org\",\"@graph\":[{\"@type\":\"WebSite\",\"@id\":\"https:\/\/www.municipiopujili.gob.ec\/pujili\/#website\",\"url\":\"https:\/\/www.municipiopujili.gob.ec\/pujili\/\",\"name\":\"Gadmic Pujil\\u00ed\",\"description\":\"Cant\\u00f3n Pujil\\u00ed\",\"potentialAction\":[{\"@type\":\"SearchAction\",\"target\":\"https:\/\/www.municipiopujili.gob.ec\/pujili\/?s={search_term_string}\",\"query-input\":\"required name=search_term_string\"}],\"inLanguage\":\"es\"},{\"@type\":\"WebPage\",\"@id\":\"https:\/\/www.municipiopujili.gob.ec\/pujili\/ordenanzas-ano-2021\/#webpage\",\"url\":\"https:\/\/www.municipiopujili.gob.ec\/pujili\/ordenanzas-ano-2021\/\",\"name\":\"Ordenanzas a\\u00f1o 2021 - Gadmic Pujil\\u00ed\",\"isPartOf\":{\"@id\":\"https:\/\/www.municipiopujili.gob.ec\/pujili\/#website\"},\"datePublished\":\"2021-02-21T04:34:12+00:00\",\"dateModified\":\"2021-10-28T14:21:34+00:00\",\"inLanguage\":\"es\",\"potentialAction\":[{\"@type\":\"ReadAction\",\"target\":[\"https:\/\/www.municipiopujili.gob.ec\/pujili\/ordenanzas-ano-2021\/\"]}]}]}<\/script>\n<!-- \/ Yoast SEO plugin. -->","_links":{"self":[{"href":"https:\/\/www.municipiopujili.gob.ec\/pujili\/wp-json\/wp\/v2\/pages\/5311"}],"collection":[{"href":"https:\/\/www.municipiopujili.gob.ec\/pujili\/wp-json\/wp\/v2\/pages"}],"about":[{"href":"https:\/\/www.municipiopujili.gob.ec\/pujili\/wp-json\/wp\/v2\/types\/page"}],"author":[{"embeddable":true,"href":"https:\/\/www.municipiopujili.gob.ec\/pujili\/wp-json\/wp\/v2\/users\/1"}],"replies":[{"embeddable":true,"href":"https:\/\/www.municipiopujili.gob.ec\/pujili\/wp-json\/wp\/v2\/comments?post=5311"}],"version-history":[{"count":14,"href":"https:\/\/www.municipiopujili.gob.ec\/pujili\/wp-json\/wp\/v2\/pages\/5311\/revisions"}],"predecessor-version":[{"id":5765,"href":"https:\/\/www.municipiopujili.gob.ec\/pujili\/wp-json\/wp\/v2\/pages\/5311\/revisions\/5765"}],"wp:attachment":[{"href":"https:\/\/www.municipiopujili.gob.ec\/pujili\/wp-json\/wp\/v2\/media?parent=5311"}],"curies":[{"name":"wp","href":"https:\/\/api.w.org\/{rel}","templated":true}]}}